{"id":376,"date":"2023-08-23T21:52:23","date_gmt":"2023-08-23T19:52:23","guid":{"rendered":"https:\/\/la-fleur-de-lotus.fr\/?page_id=376"},"modified":"2023-08-25T23:23:54","modified_gmt":"2023-08-25T21:23:54","slug":"deontologie","status":"publish","type":"page","link":"https:\/\/la-fleur-de-lotus.fr\/?page_id=376","title":{"rendered":"D\u00e9ontologie"},"content":{"rendered":"\t\t<div data-elementor-type=\"wp-page\" data-elementor-id=\"376\" class=\"elementor elementor-376\">\n\t\t\t\t\t\t\t\t\t<section class=\"elementor-section elementor-top-section elementor-element elementor-element-085302a elementor-section-height-min-height elementor-section-boxed elementor-section-height-default elementor-section-items-middle wpr-particle-no wpr-jarallax-no wpr-parallax-no wpr-sticky-section-no\" data-id=\"085302a\" data-element_type=\"section\" data-settings=\"{&quot;background_background&quot;:&quot;slideshow&quot;,&quot;background_slideshow_gallery&quot;:[{&quot;id&quot;:1120,&quot;url&quot;:&quot;http:\\\/\\\/la-fleur-de-lotus.fr\\\/wp-content\\\/uploads\\\/2023\\\/08\\\/comment-choisir-son-bouddha-459432_1600x.jpg&quot;}],&quot;background_slideshow_slide_transition&quot;:&quot;slide_left&quot;,&quot;shape_divider_bottom&quot;:&quot;opacity-tilt&quot;,&quot;background_slideshow_loop&quot;:&quot;yes&quot;,&quot;background_slideshow_slide_duration&quot;:5000,&quot;background_slideshow_transition_duration&quot;:500}\">\n\t\t\t\t\t\t\t<div class=\"elementor-background-overlay\"><\/div>\n\t\t\t\t\t\t<div class=\"elementor-shape elementor-shape-bottom\" data-negative=\"false\">\n\t\t\t<svg xmlns=\"http:\/\/www.w3.org\/2000\/svg\" viewBox=\"0 0 2600 131.1\" preserveAspectRatio=\"none\">\n\t<path class=\"elementor-shape-fill\" d=\"M0 0L2600 0 2600 69.1 0 0z\"\/>\n\t<path class=\"elementor-shape-fill\" style=\"opacity:0.5\" d=\"M0 0L2600 0 2600 69.1 0 69.1z\"\/>\n\t<path class=\"elementor-shape-fill\" style=\"opacity:0.25\" d=\"M2600 0L0 0 0 130.1 2600 69.1z\"\/>\n<\/svg>\t\t<\/div>\n\t\t\t\t\t<div class=\"elementor-container elementor-column-gap-default\">\n\t\t\t\t\t<div class=\"elementor-column elementor-col-100 elementor-top-column elementor-element elementor-element-00fcc55\" data-id=\"00fcc55\" data-element_type=\"column\">\n\t\t\t<div class=\"elementor-widget-wrap elementor-element-populated\">\n\t\t\t\t\t\t\t\t<div class=\"elementor-element elementor-element-a980c68 elementor-widget elementor-widget-spacer\" data-id=\"a980c68\" data-element_type=\"widget\" data-widget_type=\"spacer.default\">\n\t\t\t\t<div class=\"elementor-widget-container\">\n\t\t\t<style>\/*! elementor - v3.15.0 - 20-08-2023 *\/\n.elementor-column .elementor-spacer-inner{height:var(--spacer-size)}.e-con{--container-widget-width:100%}.e-con-inner>.elementor-widget-spacer,.e-con>.elementor-widget-spacer{width:var(--container-widget-width,var(--spacer-size));--align-self:var(--container-widget-align-self,initial);--flex-shrink:0}.e-con-inner>.elementor-widget-spacer>.elementor-widget-container,.e-con-inner>.elementor-widget-spacer>.elementor-widget-container>.elementor-spacer,.e-con>.elementor-widget-spacer>.elementor-widget-container,.e-con>.elementor-widget-spacer>.elementor-widget-container>.elementor-spacer{height:100%}.e-con-inner>.elementor-widget-spacer>.elementor-widget-container>.elementor-spacer>.elementor-spacer-inner,.e-con>.elementor-widget-spacer>.elementor-widget-container>.elementor-spacer>.elementor-spacer-inner{height:var(--container-widget-height,var(--spacer-size))}<\/style>\t\t<div class=\"elementor-spacer\">\n\t\t\t<div class=\"elementor-spacer-inner\"><\/div>\n\t\t<\/div>\n\t\t\t\t<\/div>\n\t\t\t\t<\/div>\n\t\t\t\t<div class=\"elementor-element elementor-element-325cadd elementor-widget elementor-widget-heading\" data-id=\"325cadd\" data-element_type=\"widget\" data-widget_type=\"heading.default\">\n\t\t\t\t<div class=\"elementor-widget-container\">\n\t\t\t<style>\/*! elementor - v3.15.0 - 20-08-2023 *\/\n.elementor-heading-title{padding:0;margin:0;line-height:1}.elementor-widget-heading .elementor-heading-title[class*=elementor-size-]>a{color:inherit;font-size:inherit;line-height:inherit}.elementor-widget-heading .elementor-heading-title.elementor-size-small{font-size:15px}.elementor-widget-heading .elementor-heading-title.elementor-size-medium{font-size:19px}.elementor-widget-heading .elementor-heading-title.elementor-size-large{font-size:29px}.elementor-widget-heading .elementor-heading-title.elementor-size-xl{font-size:39px}.elementor-widget-heading .elementor-heading-title.elementor-size-xxl{font-size:59px}<\/style><h1 class=\"elementor-heading-title elementor-size-default\">D\u00e9ontologie<\/h1>\t\t<\/div>\n\t\t\t\t<\/div>\n\t\t\t\t<div class=\"elementor-element elementor-element-cca0222 elementor-widget-divider--view-line elementor-widget elementor-widget-divider\" data-id=\"cca0222\" data-element_type=\"widget\" data-widget_type=\"divider.default\">\n\t\t\t\t<div class=\"elementor-widget-container\">\n\t\t\t<style>\/*! elementor - v3.15.0 - 20-08-2023 *\/\n.elementor-widget-divider{--divider-border-style:none;--divider-border-width:1px;--divider-color:#0c0d0e;--divider-icon-size:20px;--divider-element-spacing:10px;--divider-pattern-height:24px;--divider-pattern-size:20px;--divider-pattern-url:none;--divider-pattern-repeat:repeat-x}.elementor-widget-divider .elementor-divider{display:flex}.elementor-widget-divider .elementor-divider__text{font-size:15px;line-height:1;max-width:95%}.elementor-widget-divider .elementor-divider__element{margin:0 var(--divider-element-spacing);flex-shrink:0}.elementor-widget-divider .elementor-icon{font-size:var(--divider-icon-size)}.elementor-widget-divider .elementor-divider-separator{display:flex;margin:0;direction:ltr}.elementor-widget-divider--view-line_icon .elementor-divider-separator,.elementor-widget-divider--view-line_text .elementor-divider-separator{align-items:center}.elementor-widget-divider--view-line_icon .elementor-divider-separator:after,.elementor-widget-divider--view-line_icon .elementor-divider-separator:before,.elementor-widget-divider--view-line_text .elementor-divider-separator:after,.elementor-widget-divider--view-line_text .elementor-divider-separator:before{display:block;content:\"\";border-bottom:0;flex-grow:1;border-top:var(--divider-border-width) var(--divider-border-style) var(--divider-color)}.elementor-widget-divider--element-align-left .elementor-divider .elementor-divider-separator>.elementor-divider__svg:first-of-type{flex-grow:0;flex-shrink:100}.elementor-widget-divider--element-align-left .elementor-divider-separator:before{content:none}.elementor-widget-divider--element-align-left .elementor-divider__element{margin-left:0}.elementor-widget-divider--element-align-right .elementor-divider .elementor-divider-separator>.elementor-divider__svg:last-of-type{flex-grow:0;flex-shrink:100}.elementor-widget-divider--element-align-right .elementor-divider-separator:after{content:none}.elementor-widget-divider--element-align-right .elementor-divider__element{margin-right:0}.elementor-widget-divider:not(.elementor-widget-divider--view-line_text):not(.elementor-widget-divider--view-line_icon) .elementor-divider-separator{border-top:var(--divider-border-width) var(--divider-border-style) var(--divider-color)}.elementor-widget-divider--separator-type-pattern{--divider-border-style:none}.elementor-widget-divider--separator-type-pattern.elementor-widget-divider--view-line .elementor-divider-separator,.elementor-widget-divider--separator-type-pattern:not(.elementor-widget-divider--view-line) .elementor-divider-separator:after,.elementor-widget-divider--separator-type-pattern:not(.elementor-widget-divider--view-line) .elementor-divider-separator:before,.elementor-widget-divider--separator-type-pattern:not([class*=elementor-widget-divider--view]) .elementor-divider-separator{width:100%;min-height:var(--divider-pattern-height);-webkit-mask-size:var(--divider-pattern-size) 100%;mask-size:var(--divider-pattern-size) 100%;-webkit-mask-repeat:var(--divider-pattern-repeat);mask-repeat:var(--divider-pattern-repeat);background-color:var(--divider-color);-webkit-mask-image:var(--divider-pattern-url);mask-image:var(--divider-pattern-url)}.elementor-widget-divider--no-spacing{--divider-pattern-size:auto}.elementor-widget-divider--bg-round{--divider-pattern-repeat:round}.rtl .elementor-widget-divider .elementor-divider__text{direction:rtl}.e-con-inner>.elementor-widget-divider,.e-con>.elementor-widget-divider{width:var(--container-widget-width,100%);--flex-grow:var(--container-widget-flex-grow)}<\/style>\t\t<div class=\"elementor-divider\">\n\t\t\t<span class=\"elementor-divider-separator\">\n\t\t\t\t\t\t<\/span>\n\t\t<\/div>\n\t\t\t\t<\/div>\n\t\t\t\t<\/div>\n\t\t\t\t<div class=\"elementor-element elementor-element-83a64c8 elementor-widget elementor-widget-spacer\" data-id=\"83a64c8\" data-element_type=\"widget\" data-widget_type=\"spacer.default\">\n\t\t\t\t<div class=\"elementor-widget-container\">\n\t\t\t\t\t<div class=\"elementor-spacer\">\n\t\t\t<div class=\"elementor-spacer-inner\"><\/div>\n\t\t<\/div>\n\t\t\t\t<\/div>\n\t\t\t\t<\/div>\n\t\t\t\t<div class=\"elementor-element elementor-element-9e74648 elementor-widget elementor-widget-spacer\" data-id=\"9e74648\" data-element_type=\"widget\" data-widget_type=\"spacer.default\">\n\t\t\t\t<div class=\"elementor-widget-container\">\n\t\t\t\t\t<div class=\"elementor-spacer\">\n\t\t\t<div class=\"elementor-spacer-inner\"><\/div>\n\t\t<\/div>\n\t\t\t\t<\/div>\n\t\t\t\t<\/div>\n\t\t\t\t\t<\/div>\n\t\t<\/div>\n\t\t\t\t\t\t\t<\/div>\n\t\t<\/section>\n\t\t<div class=\"elementor-element elementor-element-279bae2 e-flex e-con-boxed wpr-particle-no wpr-jarallax-no wpr-parallax-no wpr-sticky-section-no e-con\" data-id=\"279bae2\" data-element_type=\"container\" data-settings=\"{&quot;content_width&quot;:&quot;boxed&quot;}\">\n\t\t\t\t\t<div class=\"e-con-inner\">\n\t\t<div class=\"elementor-element elementor-element-3c8f033 e-flex e-con-boxed wpr-particle-no wpr-jarallax-no wpr-parallax-no wpr-sticky-section-no e-con\" data-id=\"3c8f033\" data-element_type=\"container\" data-settings=\"{&quot;content_width&quot;:&quot;boxed&quot;}\">\n\t\t\t\t\t<div class=\"e-con-inner\">\n\t\t<div class=\"elementor-element elementor-element-cb50d03 e-con-full e-flex wpr-particle-no wpr-jarallax-no wpr-parallax-no wpr-sticky-section-no e-con\" data-id=\"cb50d03\" data-element_type=\"container\" data-settings=\"{&quot;content_width&quot;:&quot;full&quot;}\">\n\t\t<div class=\"elementor-element elementor-element-2b93f5c e-con-full e-flex wpr-particle-no wpr-jarallax-no wpr-parallax-no wpr-sticky-section-no e-con\" data-id=\"2b93f5c\" data-element_type=\"container\" data-settings=\"{&quot;content_width&quot;:&quot;full&quot;}\">\n\t\t\t\t<div class=\"elementor-element elementor-element-bdbadc4 elementor-widget elementor-widget-text-editor\" data-id=\"bdbadc4\" data-element_type=\"widget\" data-widget_type=\"text-editor.default\">\n\t\t\t\t<div class=\"elementor-widget-container\">\n\t\t\t<style>\/*! elementor - v3.15.0 - 20-08-2023 *\/\n.elementor-widget-text-editor.elementor-drop-cap-view-stacked .elementor-drop-cap{background-color:#69727d;color:#fff}.elementor-widget-text-editor.elementor-drop-cap-view-framed .elementor-drop-cap{color:#69727d;border:3px solid;background-color:transparent}.elementor-widget-text-editor:not(.elementor-drop-cap-view-default) .elementor-drop-cap{margin-top:8px}.elementor-widget-text-editor:not(.elementor-drop-cap-view-default) .elementor-drop-cap-letter{width:1em;height:1em}.elementor-widget-text-editor .elementor-drop-cap{float:left;text-align:center;line-height:1;font-size:50px}.elementor-widget-text-editor .elementor-drop-cap-letter{display:inline-block}<\/style>\t\t\t\t<p>Chez La Fleur de Lotus, nous sommes profond\u00e9ment engag\u00e9s \u00e0 maintenir les normes les plus \u00e9lev\u00e9es d&#8217;\u00e9thique et de professionnalisme. Notre d\u00e9ontologie repose sur des principes fondamentaux qui guident chacune de nos interactions et prestations.<\/p><p>\u00a0<\/p><p><strong>1. Respect de la personne<\/strong> : Chaque client est trait\u00e9 avec dignit\u00e9, respect et sans discrimination. Nous respectons la confidentialit\u00e9 et la vie priv\u00e9e de tous nos clients.<\/p><p>\u00a0<\/p><p><strong>2. Int\u00e9grit\u00e9 professionnelle<\/strong> : Nous nous engageons \u00e0 fournir des services honn\u00eates, transparents et de la plus haute qualit\u00e9. Toutes les recommandations et traitements sont bas\u00e9s sur les besoins r\u00e9els et le bien-\u00eatre du client.<\/p><p>\u00a0<\/p><p><strong>3. Formation continue<\/strong> : Nous croyons en l&#8217;importance de la formation continue pour rester \u00e0 jour avec les derni\u00e8res techniques et recherches. Cela garantit que nos clients b\u00e9n\u00e9ficient des meilleures pratiques disponibles.<\/p><p>\u00a0<\/p><p><strong>4. Limites professionnelles<\/strong> : Nous reconnaissons et respectons les limites de notre expertise. Si un client a besoin d&#8217;une attention ou d&#8217;un traitement qui va au-del\u00e0 de nos comp\u00e9tences, nous le dirigerons vers un professionnel appropri\u00e9.<\/p><p>\u00a0<\/p><p><strong>5. Communication ouverte<\/strong> : Nous valorisons une communication ouverte et honn\u00eate avec nos clients. Avant chaque session, nous discutons des attentes, des pr\u00e9occupations et des \u00e9ventuelles contre-indications pour garantir une exp\u00e9rience s\u00e9curis\u00e9e et b\u00e9n\u00e9fique.<\/p><p>\u00a0<\/p><p><strong>6. Hygi\u00e8ne et s\u00e9curit\u00e9<\/strong> : La propret\u00e9 et la s\u00e9curit\u00e9 sont primordiales. Tous nos \u00e9quipements et espaces sont r\u00e9guli\u00e8rement nettoy\u00e9s et d\u00e9sinfect\u00e9s pour garantir un environnement sain.<\/p><p>\u00a0<\/p><p>En choisissant La Fleur de Lotus, vous optez pour un service qui place l&#8217;\u00e9thique, le respect et le bien-\u00eatre au c\u0153ur de sa mission. Nous sommes honor\u00e9s de votre confiance et nous engageons \u00e0 honorer cet engagement \u00e0 chaque \u00e9tape de votre voyage vers le bien-\u00eatre.<\/p>\t\t\t\t\t\t<\/div>\n\t\t\t\t<\/div>\n\t\t\t\t<\/div>\n\t\t\t\t<\/div>\n\t\t\t\t\t<\/div>\n\t\t\t\t<\/div>\n\t\t\t\t\t<\/div>\n\t\t\t\t<\/div>\n\t\t<div class=\"elementor-element elementor-element-2f2b37c e-flex e-con-boxed wpr-particle-no wpr-jarallax-no wpr-parallax-no wpr-sticky-section-no e-con\" data-id=\"2f2b37c\" data-element_type=\"container\" data-settings=\"{&quot;content_width&quot;:&quot;boxed&quot;}\">\n\t\t\t\t\t<div class=\"e-con-inner\">\n\t\t<div class=\"elementor-element elementor-element-22b6b5d e-flex e-con-boxed wpr-particle-no wpr-jarallax-no wpr-parallax-no wpr-sticky-section-no e-con\" data-id=\"22b6b5d\" data-element_type=\"container\" data-settings=\"{&quot;content_width&quot;:&quot;boxed&quot;}\">\n\t\t\t\t\t<div class=\"e-con-inner\">\n\t\t\t\t<div class=\"elementor-element elementor-element-59644fb elementor-widget-divider--view-line_icon elementor-view-default elementor-widget-divider--element-align-center elementor-widget elementor-widget-divider\" data-id=\"59644fb\" data-element_type=\"widget\" data-widget_type=\"divider.default\">\n\t\t\t\t<div class=\"elementor-widget-container\">\n\t\t\t\t\t<div class=\"elementor-divider\">\n\t\t\t<span class=\"elementor-divider-separator\">\n\t\t\t\t\t\t\t<div class=\"elementor-icon elementor-divider__element\">\n\t\t\t\t\t<i aria-hidden=\"true\" class=\"icon icon-flower\"><\/i><\/div>\n\t\t\t\t\t\t<\/span>\n\t\t<\/div>\n\t\t\t\t<\/div>\n\t\t\t\t<\/div>\n\t\t\t\t\t<\/div>\n\t\t\t\t<\/div>\n\t\t\t\t\t<\/div>\n\t\t\t\t<\/div>\n\t\t<div class=\"elementor-element elementor-element-c0577f5 e-flex e-con-boxed wpr-particle-no wpr-jarallax-no wpr-parallax-no wpr-sticky-section-no e-con\" data-id=\"c0577f5\" data-element_type=\"container\" data-settings=\"{&quot;content_width&quot;:&quot;boxed&quot;}\">\n\t\t\t\t\t<div class=\"e-con-inner\">\n\t\t\t\t<div class=\"elementor-element elementor-element-3f6da22 elementor-widget elementor-widget-spacer\" data-id=\"3f6da22\" data-element_type=\"widget\" data-widget_type=\"spacer.default\">\n\t\t\t\t<div class=\"elementor-widget-container\">\n\t\t\t\t\t<div class=\"elementor-spacer\">\n\t\t\t<div class=\"elementor-spacer-inner\"><\/div>\n\t\t<\/div>\n\t\t\t\t<\/div>\n\t\t\t\t<\/div>\n\t\t\t\t\t<\/div>\n\t\t\t\t<\/div>\n\t\t\t\t\t\t\t<\/div>\n\t\t","protected":false},"excerpt":{"rendered":"<p>D\u00e9ontologie Chez La Fleur de Lotus, nous sommes profond\u00e9ment engag\u00e9s \u00e0 maintenir les normes les plus \u00e9lev\u00e9es d&#8217;\u00e9thique et de professionnalisme. Notre d\u00e9ontologie repose sur des principes fondamentaux qui guident chacune de nos interactions et prestations. \u00a0 1. Respect de la personne : Chaque client est trait\u00e9 avec dignit\u00e9, respect et sans discrimination. Nous respectons [&hellip;]<\/p>\n","protected":false},"author":1,"featured_media":0,"parent":0,"menu_order":0,"comment_status":"closed","ping_status":"closed","template":"elementor_header_footer","meta":{"om_disable_all_campaigns":false,"_monsterinsights_skip_tracking":false,"_monsterinsights_sitenote_active":false,"_monsterinsights_sitenote_note":"","_monsterinsights_sitenote_category":0,"footnotes":""},"aioseo_notices":[],"yoast_head":"<!-- This site is optimized with the Yoast SEO plugin v21.2 - https:\/\/yoast.com\/wordpress\/plugins\/seo\/ -->\n<title>D\u00e9ontologie | La Fleur de Lotus<\/title>\n<meta name=\"robots\" content=\"index, follow, max-snippet:-1, max-image-preview:large, max-video-preview:-1\" \/>\n<link rel=\"canonical\" href=\"https:\/\/la-fleur-de-lotus.fr\/?page_id=376\" \/>\n<meta property=\"og:locale\" content=\"en_US\" \/>\n<meta property=\"og:type\" content=\"article\" \/>\n<meta property=\"og:title\" content=\"D\u00e9ontologie | La Fleur de Lotus\" \/>\n<meta property=\"og:description\" content=\"D\u00e9ontologie Chez La Fleur de Lotus, nous sommes profond\u00e9ment engag\u00e9s \u00e0 maintenir les normes les plus \u00e9lev\u00e9es d&#8217;\u00e9thique et de professionnalisme. Notre d\u00e9ontologie repose sur des principes fondamentaux qui guident chacune de nos interactions et prestations. \u00a0 1. Respect de la personne : Chaque client est trait\u00e9 avec dignit\u00e9, respect et sans discrimination. Nous respectons [&hellip;]\" \/>\n<meta property=\"og:url\" content=\"https:\/\/la-fleur-de-lotus.fr\/?page_id=376\" \/>\n<meta property=\"og:site_name\" content=\"La Fleur de Lotus\" \/>\n<meta property=\"article:publisher\" content=\"https:\/\/www.facebook.com\/lafleurdelotus83\/\" \/>\n<meta property=\"article:modified_time\" content=\"2023-08-25T21:23:54+00:00\" \/>\n<meta property=\"og:image\" content=\"https:\/\/la-fleur-de-lotus.fr\/wp-content\/uploads\/2023\/08\/Sazdzdns-titre-2.png\" \/>\n\t<meta property=\"og:image:width\" content=\"1000\" \/>\n\t<meta property=\"og:image:height\" content=\"1000\" \/>\n\t<meta property=\"og:image:type\" content=\"image\/png\" \/>\n<meta name=\"twitter:card\" content=\"summary_large_image\" \/>\n<meta name=\"twitter:label1\" content=\"Est. reading time\" \/>\n\t<meta name=\"twitter:data1\" content=\"1 minute\" \/>\n<script type=\"application\/ld+json\" class=\"yoast-schema-graph\">{\"@context\":\"https:\/\/schema.org\",\"@graph\":[{\"@type\":\"WebPage\",\"@id\":\"https:\/\/la-fleur-de-lotus.fr\/?page_id=376\",\"url\":\"https:\/\/la-fleur-de-lotus.fr\/?page_id=376\",\"name\":\"D\u00e9ontologie | La Fleur de Lotus\",\"isPartOf\":{\"@id\":\"https:\/\/la-fleur-de-lotus.fr\/#website\"},\"datePublished\":\"2023-08-23T19:52:23+00:00\",\"dateModified\":\"2023-08-25T21:23:54+00:00\",\"breadcrumb\":{\"@id\":\"https:\/\/la-fleur-de-lotus.fr\/?page_id=376#breadcrumb\"},\"inLanguage\":\"en-US\",\"potentialAction\":[{\"@type\":\"ReadAction\",\"target\":[\"https:\/\/la-fleur-de-lotus.fr\/?page_id=376\"]}]},{\"@type\":\"BreadcrumbList\",\"@id\":\"https:\/\/la-fleur-de-lotus.fr\/?page_id=376#breadcrumb\",\"itemListElement\":[{\"@type\":\"ListItem\",\"position\":1,\"name\":\"Accueil\",\"item\":\"https:\/\/la-fleur-de-lotus.fr\/\"},{\"@type\":\"ListItem\",\"position\":2,\"name\":\"D\u00e9ontologie\"}]},{\"@type\":\"WebSite\",\"@id\":\"https:\/\/la-fleur-de-lotus.fr\/#website\",\"url\":\"https:\/\/la-fleur-de-lotus.fr\/\",\"name\":\"La Fleur de Lotus\",\"description\":\"Praticien massage bien-\u00eatre sp\u00e9cialis\u00e9 en shiatsu et m\u00e9thode traditionnelles chinoises\",\"publisher\":{\"@id\":\"https:\/\/la-fleur-de-lotus.fr\/#organization\"},\"alternateName\":\"La Fleur de Lotus\",\"potentialAction\":[{\"@type\":\"SearchAction\",\"target\":{\"@type\":\"EntryPoint\",\"urlTemplate\":\"https:\/\/la-fleur-de-lotus.fr\/?s={search_term_string}\"},\"query-input\":\"required name=search_term_string\"}],\"inLanguage\":\"en-US\"},{\"@type\":\"Organization\",\"@id\":\"https:\/\/la-fleur-de-lotus.fr\/#organization\",\"name\":\"La Fleur de Lotus\",\"url\":\"https:\/\/la-fleur-de-lotus.fr\/\",\"logo\":{\"@type\":\"ImageObject\",\"inLanguage\":\"en-US\",\"@id\":\"https:\/\/la-fleur-de-lotus.fr\/#\/schema\/logo\/image\/\",\"url\":\"https:\/\/la-fleur-de-lotus.fr\/wp-content\/uploads\/2023\/07\/Logo-FleSSur-de-Lotus.png\",\"contentUrl\":\"https:\/\/la-fleur-de-lotus.fr\/wp-content\/uploads\/2023\/07\/Logo-FleSSur-de-Lotus.png\",\"width\":1000,\"height\":1000,\"caption\":\"La Fleur de Lotus\"},\"image\":{\"@id\":\"https:\/\/la-fleur-de-lotus.fr\/#\/schema\/logo\/image\/\"},\"sameAs\":[\"https:\/\/www.facebook.com\/lafleurdelotus83\/\"]}]}<\/script>\n<!-- \/ Yoast SEO plugin. -->","yoast_head_json":{"title":"D\u00e9ontologie | La Fleur de Lotus","robots":{"index":"index","follow":"follow","max-snippet":"max-snippet:-1","max-image-preview":"max-image-preview:large","max-video-preview":"max-video-preview:-1"},"canonical":"https:\/\/la-fleur-de-lotus.fr\/?page_id=376","og_locale":"en_US","og_type":"article","og_title":"D\u00e9ontologie | La Fleur de Lotus","og_description":"D\u00e9ontologie Chez La Fleur de Lotus, nous sommes profond\u00e9ment engag\u00e9s \u00e0 maintenir les normes les plus \u00e9lev\u00e9es d&#8217;\u00e9thique et de professionnalisme. Notre d\u00e9ontologie repose sur des principes fondamentaux qui guident chacune de nos interactions et prestations. \u00a0 1. Respect de la personne : Chaque client est trait\u00e9 avec dignit\u00e9, respect et sans discrimination. Nous respectons [&hellip;]","og_url":"https:\/\/la-fleur-de-lotus.fr\/?page_id=376","og_site_name":"La Fleur de Lotus","article_publisher":"https:\/\/www.facebook.com\/lafleurdelotus83\/","article_modified_time":"2023-08-25T21:23:54+00:00","og_image":[{"width":1000,"height":1000,"url":"https:\/\/la-fleur-de-lotus.fr\/wp-content\/uploads\/2023\/08\/Sazdzdns-titre-2.png","type":"image\/png"}],"twitter_card":"summary_large_image","twitter_misc":{"Est. reading time":"1 minute"},"schema":{"@context":"https:\/\/schema.org","@graph":[{"@type":"WebPage","@id":"https:\/\/la-fleur-de-lotus.fr\/?page_id=376","url":"https:\/\/la-fleur-de-lotus.fr\/?page_id=376","name":"D\u00e9ontologie | La Fleur de Lotus","isPartOf":{"@id":"https:\/\/la-fleur-de-lotus.fr\/#website"},"datePublished":"2023-08-23T19:52:23+00:00","dateModified":"2023-08-25T21:23:54+00:00","breadcrumb":{"@id":"https:\/\/la-fleur-de-lotus.fr\/?page_id=376#breadcrumb"},"inLanguage":"en-US","potentialAction":[{"@type":"ReadAction","target":["https:\/\/la-fleur-de-lotus.fr\/?page_id=376"]}]},{"@type":"BreadcrumbList","@id":"https:\/\/la-fleur-de-lotus.fr\/?page_id=376#breadcrumb","itemListElement":[{"@type":"ListItem","position":1,"name":"Accueil","item":"https:\/\/la-fleur-de-lotus.fr\/"},{"@type":"ListItem","position":2,"name":"D\u00e9ontologie"}]},{"@type":"WebSite","@id":"https:\/\/la-fleur-de-lotus.fr\/#website","url":"https:\/\/la-fleur-de-lotus.fr\/","name":"La Fleur de Lotus","description":"Praticien massage bien-\u00eatre sp\u00e9cialis\u00e9 en shiatsu et m\u00e9thode traditionnelles chinoises","publisher":{"@id":"https:\/\/la-fleur-de-lotus.fr\/#organization"},"alternateName":"La Fleur de Lotus","potentialAction":[{"@type":"SearchAction","target":{"@type":"EntryPoint","urlTemplate":"https:\/\/la-fleur-de-lotus.fr\/?s={search_term_string}"},"query-input":"required name=search_term_string"}],"inLanguage":"en-US"},{"@type":"Organization","@id":"https:\/\/la-fleur-de-lotus.fr\/#organization","name":"La Fleur de Lotus","url":"https:\/\/la-fleur-de-lotus.fr\/","logo":{"@type":"ImageObject","inLanguage":"en-US","@id":"https:\/\/la-fleur-de-lotus.fr\/#\/schema\/logo\/image\/","url":"https:\/\/la-fleur-de-lotus.fr\/wp-content\/uploads\/2023\/07\/Logo-FleSSur-de-Lotus.png","contentUrl":"https:\/\/la-fleur-de-lotus.fr\/wp-content\/uploads\/2023\/07\/Logo-FleSSur-de-Lotus.png","width":1000,"height":1000,"caption":"La Fleur de Lotus"},"image":{"@id":"https:\/\/la-fleur-de-lotus.fr\/#\/schema\/logo\/image\/"},"sameAs":["https:\/\/www.facebook.com\/lafleurdelotus83\/"]}]}},"_links":{"self":[{"href":"https:\/\/la-fleur-de-lotus.fr\/index.php?rest_route=\/wp\/v2\/pages\/376"}],"collection":[{"href":"https:\/\/la-fleur-de-lotus.fr\/index.php?rest_route=\/wp\/v2\/pages"}],"about":[{"href":"https:\/\/la-fleur-de-lotus.fr\/index.php?rest_route=\/wp\/v2\/types\/page"}],"author":[{"embeddable":true,"href":"https:\/\/la-fleur-de-lotus.fr\/index.php?rest_route=\/wp\/v2\/users\/1"}],"replies":[{"embeddable":true,"href":"https:\/\/la-fleur-de-lotus.fr\/index.php?rest_route=%2Fwp%2Fv2%2Fcomments&post=376"}],"version-history":[{"count":13,"href":"https:\/\/la-fleur-de-lotus.fr\/index.php?rest_route=\/wp\/v2\/pages\/376\/revisions"}],"predecessor-version":[{"id":1130,"href":"https:\/\/la-fleur-de-lotus.fr\/index.php?rest_route=\/wp\/v2\/pages\/376\/revisions\/1130"}],"wp:attachment":[{"href":"https:\/\/la-fleur-de-lotus.fr\/index.php?rest_route=%2Fwp%2Fv2%2Fmedia&parent=376"}],"curies":[{"name":"wp","href":"https:\/\/api.w.org\/{rel}","templated":true}]}}