{"id":367,"date":"2023-08-23T21:50:03","date_gmt":"2023-08-23T19:50:03","guid":{"rendered":"https:\/\/la-fleur-de-lotus.fr\/?page_id=367"},"modified":"2023-09-12T18:54:06","modified_gmt":"2023-09-12T16:54:06","slug":"massage-pratique-generaliste","status":"publish","type":"page","link":"https:\/\/la-fleur-de-lotus.fr\/?page_id=367","title":{"rendered":"Massage ou l&#8217;Art du Toucher pour une meilleure Sant\u00e9"},"content":{"rendered":"\t\t<div data-elementor-type=\"wp-page\" data-elementor-id=\"367\" class=\"elementor elementor-367\">\n\t\t\t\t\t\t\t\t\t<section class=\"elementor-section elementor-top-section elementor-element elementor-element-c281623 elementor-section-height-min-height elementor-section-boxed elementor-section-height-default elementor-section-items-middle wpr-particle-no wpr-jarallax-no wpr-parallax-no wpr-sticky-section-no\" data-id=\"c281623\" data-element_type=\"section\" data-settings=\"{&quot;background_background&quot;:&quot;slideshow&quot;,&quot;background_slideshow_gallery&quot;:[{&quot;id&quot;:881,&quot;url&quot;:&quot;http:\\\/\\\/la-fleur-de-lotus.fr\\\/wp-content\\\/uploads\\\/2023\\\/08\\\/wepik-export-20230822155548Ecp3-1.png&quot;}],&quot;background_slideshow_slide_transition&quot;:&quot;slide_left&quot;,&quot;shape_divider_bottom&quot;:&quot;opacity-tilt&quot;,&quot;background_slideshow_loop&quot;:&quot;yes&quot;,&quot;background_slideshow_slide_duration&quot;:5000,&quot;background_slideshow_transition_duration&quot;:500}\">\n\t\t\t\t\t\t\t<div class=\"elementor-background-overlay\"><\/div>\n\t\t\t\t\t\t<div class=\"elementor-shape elementor-shape-bottom\" data-negative=\"false\">\n\t\t\t<svg xmlns=\"http:\/\/www.w3.org\/2000\/svg\" viewBox=\"0 0 2600 131.1\" preserveAspectRatio=\"none\">\n\t<path class=\"elementor-shape-fill\" d=\"M0 0L2600 0 2600 69.1 0 0z\"\/>\n\t<path class=\"elementor-shape-fill\" style=\"opacity:0.5\" d=\"M0 0L2600 0 2600 69.1 0 69.1z\"\/>\n\t<path class=\"elementor-shape-fill\" style=\"opacity:0.25\" d=\"M2600 0L0 0 0 130.1 2600 69.1z\"\/>\n<\/svg>\t\t<\/div>\n\t\t\t\t\t<div class=\"elementor-container elementor-column-gap-default\">\n\t\t\t\t\t<div class=\"elementor-column elementor-col-100 elementor-top-column elementor-element elementor-element-157e0b4\" data-id=\"157e0b4\" data-element_type=\"column\">\n\t\t\t<div class=\"elementor-widget-wrap elementor-element-populated\">\n\t\t\t\t\t\t\t\t<div class=\"elementor-element elementor-element-91491f8 elementor-widget elementor-widget-spacer\" data-id=\"91491f8\" data-element_type=\"widget\" data-widget_type=\"spacer.default\">\n\t\t\t\t<div class=\"elementor-widget-container\">\n\t\t\t<style>\/*! elementor - v3.15.0 - 20-08-2023 *\/\n.elementor-column .elementor-spacer-inner{height:var(--spacer-size)}.e-con{--container-widget-width:100%}.e-con-inner>.elementor-widget-spacer,.e-con>.elementor-widget-spacer{width:var(--container-widget-width,var(--spacer-size));--align-self:var(--container-widget-align-self,initial);--flex-shrink:0}.e-con-inner>.elementor-widget-spacer>.elementor-widget-container,.e-con-inner>.elementor-widget-spacer>.elementor-widget-container>.elementor-spacer,.e-con>.elementor-widget-spacer>.elementor-widget-container,.e-con>.elementor-widget-spacer>.elementor-widget-container>.elementor-spacer{height:100%}.e-con-inner>.elementor-widget-spacer>.elementor-widget-container>.elementor-spacer>.elementor-spacer-inner,.e-con>.elementor-widget-spacer>.elementor-widget-container>.elementor-spacer>.elementor-spacer-inner{height:var(--container-widget-height,var(--spacer-size))}<\/style>\t\t<div class=\"elementor-spacer\">\n\t\t\t<div class=\"elementor-spacer-inner\"><\/div>\n\t\t<\/div>\n\t\t\t\t<\/div>\n\t\t\t\t<\/div>\n\t\t\t\t<div class=\"elementor-element elementor-element-dd3068c elementor-widget elementor-widget-heading\" data-id=\"dd3068c\" data-element_type=\"widget\" data-widget_type=\"heading.default\">\n\t\t\t\t<div class=\"elementor-widget-container\">\n\t\t\t<style>\/*! elementor - v3.15.0 - 20-08-2023 *\/\n.elementor-heading-title{padding:0;margin:0;line-height:1}.elementor-widget-heading .elementor-heading-title[class*=elementor-size-]>a{color:inherit;font-size:inherit;line-height:inherit}.elementor-widget-heading .elementor-heading-title.elementor-size-small{font-size:15px}.elementor-widget-heading .elementor-heading-title.elementor-size-medium{font-size:19px}.elementor-widget-heading .elementor-heading-title.elementor-size-large{font-size:29px}.elementor-widget-heading .elementor-heading-title.elementor-size-xl{font-size:39px}.elementor-widget-heading .elementor-heading-title.elementor-size-xxl{font-size:59px}<\/style><h1 class=\"elementor-heading-title elementor-size-default\">Le Massage ou l'Art du toucher pour une meilleure Sant\u00e9<\/h1>\t\t<\/div>\n\t\t\t\t<\/div>\n\t\t\t\t<div class=\"elementor-element elementor-element-0af5549 elementor-widget-divider--view-line elementor-widget elementor-widget-divider\" data-id=\"0af5549\" data-element_type=\"widget\" data-widget_type=\"divider.default\">\n\t\t\t\t<div class=\"elementor-widget-container\">\n\t\t\t<style>\/*! elementor - v3.15.0 - 20-08-2023 *\/\n.elementor-widget-divider{--divider-border-style:none;--divider-border-width:1px;--divider-color:#0c0d0e;--divider-icon-size:20px;--divider-element-spacing:10px;--divider-pattern-height:24px;--divider-pattern-size:20px;--divider-pattern-url:none;--divider-pattern-repeat:repeat-x}.elementor-widget-divider .elementor-divider{display:flex}.elementor-widget-divider .elementor-divider__text{font-size:15px;line-height:1;max-width:95%}.elementor-widget-divider .elementor-divider__element{margin:0 var(--divider-element-spacing);flex-shrink:0}.elementor-widget-divider .elementor-icon{font-size:var(--divider-icon-size)}.elementor-widget-divider .elementor-divider-separator{display:flex;margin:0;direction:ltr}.elementor-widget-divider--view-line_icon .elementor-divider-separator,.elementor-widget-divider--view-line_text .elementor-divider-separator{align-items:center}.elementor-widget-divider--view-line_icon .elementor-divider-separator:after,.elementor-widget-divider--view-line_icon .elementor-divider-separator:before,.elementor-widget-divider--view-line_text .elementor-divider-separator:after,.elementor-widget-divider--view-line_text .elementor-divider-separator:before{display:block;content:\"\";border-bottom:0;flex-grow:1;border-top:var(--divider-border-width) var(--divider-border-style) var(--divider-color)}.elementor-widget-divider--element-align-left .elementor-divider .elementor-divider-separator>.elementor-divider__svg:first-of-type{flex-grow:0;flex-shrink:100}.elementor-widget-divider--element-align-left .elementor-divider-separator:before{content:none}.elementor-widget-divider--element-align-left .elementor-divider__element{margin-left:0}.elementor-widget-divider--element-align-right .elementor-divider .elementor-divider-separator>.elementor-divider__svg:last-of-type{flex-grow:0;flex-shrink:100}.elementor-widget-divider--element-align-right .elementor-divider-separator:after{content:none}.elementor-widget-divider--element-align-right .elementor-divider__element{margin-right:0}.elementor-widget-divider:not(.elementor-widget-divider--view-line_text):not(.elementor-widget-divider--view-line_icon) .elementor-divider-separator{border-top:var(--divider-border-width) var(--divider-border-style) var(--divider-color)}.elementor-widget-divider--separator-type-pattern{--divider-border-style:none}.elementor-widget-divider--separator-type-pattern.elementor-widget-divider--view-line .elementor-divider-separator,.elementor-widget-divider--separator-type-pattern:not(.elementor-widget-divider--view-line) .elementor-divider-separator:after,.elementor-widget-divider--separator-type-pattern:not(.elementor-widget-divider--view-line) .elementor-divider-separator:before,.elementor-widget-divider--separator-type-pattern:not([class*=elementor-widget-divider--view]) .elementor-divider-separator{width:100%;min-height:var(--divider-pattern-height);-webkit-mask-size:var(--divider-pattern-size) 100%;mask-size:var(--divider-pattern-size) 100%;-webkit-mask-repeat:var(--divider-pattern-repeat);mask-repeat:var(--divider-pattern-repeat);background-color:var(--divider-color);-webkit-mask-image:var(--divider-pattern-url);mask-image:var(--divider-pattern-url)}.elementor-widget-divider--no-spacing{--divider-pattern-size:auto}.elementor-widget-divider--bg-round{--divider-pattern-repeat:round}.rtl .elementor-widget-divider .elementor-divider__text{direction:rtl}.e-con-inner>.elementor-widget-divider,.e-con>.elementor-widget-divider{width:var(--container-widget-width,100%);--flex-grow:var(--container-widget-flex-grow)}<\/style>\t\t<div class=\"elementor-divider\">\n\t\t\t<span class=\"elementor-divider-separator\">\n\t\t\t\t\t\t<\/span>\n\t\t<\/div>\n\t\t\t\t<\/div>\n\t\t\t\t<\/div>\n\t\t\t\t<div class=\"elementor-element elementor-element-d2a8231 elementor-widget elementor-widget-spacer\" data-id=\"d2a8231\" data-element_type=\"widget\" data-widget_type=\"spacer.default\">\n\t\t\t\t<div class=\"elementor-widget-container\">\n\t\t\t\t\t<div class=\"elementor-spacer\">\n\t\t\t<div class=\"elementor-spacer-inner\"><\/div>\n\t\t<\/div>\n\t\t\t\t<\/div>\n\t\t\t\t<\/div>\n\t\t\t\t<div class=\"elementor-element elementor-element-171f542 elementor-widget elementor-widget-spacer\" data-id=\"171f542\" data-element_type=\"widget\" data-widget_type=\"spacer.default\">\n\t\t\t\t<div class=\"elementor-widget-container\">\n\t\t\t\t\t<div class=\"elementor-spacer\">\n\t\t\t<div class=\"elementor-spacer-inner\"><\/div>\n\t\t<\/div>\n\t\t\t\t<\/div>\n\t\t\t\t<\/div>\n\t\t\t\t\t<\/div>\n\t\t<\/div>\n\t\t\t\t\t\t\t<\/div>\n\t\t<\/section>\n\t\t\t\t<section class=\"elementor-section elementor-top-section elementor-element elementor-element-25248e4 elementor-section-boxed elementor-section-height-default elementor-section-height-default wpr-particle-no wpr-jarallax-no wpr-parallax-no wpr-sticky-section-no\" data-id=\"25248e4\" data-element_type=\"section\">\n\t\t\t\t\t\t<div class=\"elementor-container elementor-column-gap-default\">\n\t\t\t\t\t<div class=\"elementor-column elementor-col-50 elementor-top-column elementor-element elementor-element-7702f36\" data-id=\"7702f36\" data-element_type=\"column\">\n\t\t\t<div class=\"elementor-widget-wrap elementor-element-populated\">\n\t\t\t\t\t\t\t\t<div class=\"elementor-element elementor-element-1bba6bf elementor-widget elementor-widget-text-editor\" data-id=\"1bba6bf\" data-element_type=\"widget\" data-widget_type=\"text-editor.default\">\n\t\t\t\t<div class=\"elementor-widget-container\">\n\t\t\t<style>\/*! elementor - v3.15.0 - 20-08-2023 *\/\n.elementor-widget-text-editor.elementor-drop-cap-view-stacked .elementor-drop-cap{background-color:#69727d;color:#fff}.elementor-widget-text-editor.elementor-drop-cap-view-framed .elementor-drop-cap{color:#69727d;border:3px solid;background-color:transparent}.elementor-widget-text-editor:not(.elementor-drop-cap-view-default) .elementor-drop-cap{margin-top:8px}.elementor-widget-text-editor:not(.elementor-drop-cap-view-default) .elementor-drop-cap-letter{width:1em;height:1em}.elementor-widget-text-editor .elementor-drop-cap{float:left;text-align:center;line-height:1;font-size:50px}.elementor-widget-text-editor .elementor-drop-cap-letter{display:inline-block}<\/style>\t\t\t\t<div class=\"flex flex-grow flex-col gap-3 max-w-full\"><div class=\"min-h-[20px] flex flex-col items-start gap-3 overflow-x-auto whitespace-pre-wrap break-words\"><div class=\"markdown prose w-full break-words dark:prose-invert dark\"><strong>Quelques notions et tentatives de d\u00e9finitions<\/strong> pour une bonne communication( pour une bonne action en comme Un) et mieux se comprendre(vous et moi; vous et vous\/soi ; moi et moi\/soi ) dans notre approche de notre activit\u00e9, de la Vie en g\u00e9n\u00e9rale et de la Sant\u00e9 en particulier<span style=\"font-family: var( --e-global-typography-secondary-font-family ); font-weight: var( --e-global-typography-secondary-font-weight ); font-size: 1rem;\">:<\/span><\/div><div class=\"markdown prose w-full break-words dark:prose-invert dark\"><strong>-L&#8217;Art:<\/strong> l&#8217;origine de l&#8217; Art semble se confondre avec celle de l&#8217;homme et est porteuse primordialement d&#8217;un sens \u00e0 la fois religieux, social et magique dont la fonction premi\u00e8re, ne serait pas purement d\u00e9corative, mais d&#8217;assurer la bonne marche de l&#8217;Univers (l&#8217;uni vers&#8230;)(une th\u00e8se courante associe l&#8217;Art \u00e0 une manifestation humaine du Beau et la contemplation de la Beaut\u00e9 \u00e0 l&#8217;\u00e9l\u00e9vation Spirituelle).D&#8217;autre part l&#8217;Art demande aussi un savoir-faire m\u00e9thodique de l&#8217;homme par imitation de la Nature et de la R\u00e9alit\u00e9, qui a l&#8217;instar de la science questionne le monde de l&#8217;invisible pour le rendre visible&#8230; Mais, il faut rest\u00e9 vigilant et humble car l&#8217;Art restant intrins\u00e8quement individuel dans sa pratique peut permettre aussi bien de repousser les fronti\u00e8res de la Con-naissance&#8230; que nous fourvoyer et nous plonger dans l&#8217;erreur(errance : \u00e9cueil qui peut \u00eatre heureusement \u00e9vit\u00e9 gr\u00e2ce \u00e0 la Tradition&#8230;)<\/div><div><strong>&#8211;<\/strong><b>La Tradition <\/b>est une notion tr\u00e8s importante que l&#8217;occident \u00e0 malheureusement perdu en M\u00e9decine, qui permet au praticien non pas de s&#8217;enfermer dans une doctrine mais de s&#8217;appuyer sur une Transmission mill\u00e9naire \u00e9prouv\u00e9e et vivante afin de progresser dans l&#8217;Art et d&#8217;\u00e9ventuellement valider et nommer son exp\u00e9rience.<\/div><div><strong>-l&#8217;auto-gueris-sage:<\/strong> n\u00e9ologisme du praticien r\u00e9sument \u00e0 son sens le syst\u00e8me de gu\u00e9rison soutenu par les massages(le masseur ne donnant qu&#8217;un coup de main ou de pousse\/pouce) pour aider le receveur \u00e0 raligner ses 3 niveaux d&#8217;\u00catre o\u00f9 L&#8217;Esprit(Sage qui conduit l&#8217;\u00c2me dans sa perfection)n&#8217;est plus ou de moins en moins entraver dans la circulation de son \u00e9nergie( repr\u00e9sent\u00e9 dans la M.T.C par le ki droit et \u00e9quilibr\u00e9 ) ce qui se refl\u00e8tera par un corps sain, \u00e9quilibr\u00e9 et en bonne sant\u00e9\u00a0 qui a su faire face et sera plus apte \u00e0 faire face aux d\u00e9fis de l&#8217;existence.\u00a0<\/div><div>\u00a0<\/div><div><em>(Ci-apr\u00e9s notions et tentatives de d\u00e9finitions en cours d&#8217;\u00e9laboration \u00e0 suivre ult\u00e9rieurement &#8220;merci de votre compr\u00e9hension&#8221; et \u00e0 bient\u00f4t j&#8217;esp\u00e9re&#8230;<\/em><\/div><div><em>-Le Toucher et les sens(l&#8217;essence)<\/em><\/div><div class=\"markdown prose w-full break-words dark:prose-invert dark\"><em>-La\u00a0 Sant\u00e9<\/em><\/div><div><em>-le macrocosme\/microcosme<\/em><\/div><\/div><\/div><div class=\"flex flex-grow flex-col gap-3 max-w-full\"><div class=\"min-h-[20px] flex flex-col items-start gap-3 overflow-x-auto whitespace-pre-wrap break-words\"><div class=\"markdown prose w-full break-words dark:prose-invert dark\"><em>-L&#8217;\u00catre :<\/em><\/div><div class=\"markdown prose w-full break-words dark:prose-invert dark\"><em>Le mal \u00eatre\/ Le mieux \u00eatre \/ Le bien \u00eatre\u00a0<\/em><\/div><div><em>-&gt; La pr\u00e9vention\/les soins curatifs ponctuels\/les soins curatif pour des probl\u00e9matiques ancienne ou r\u00e9currentes<\/em><\/div><div><em>-&gt; Les 3 niveaux :<\/em><\/div><div><em>-corps \/ ame \/ esprit<\/em><\/div><div><em>-physique\/energetique\/spirituel<\/em><\/div><\/div><\/div><div class=\"flex flex-grow flex-col gap-3 max-w-full\"><div class=\"min-h-[20px] flex flex-col items-start gap-3 overflow-x-auto whitespace-pre-wrap break-words\"><div><em>-jing\/qi\/shen )<\/em><\/div><\/div><\/div>\t\t\t\t\t\t<\/div>\n\t\t\t\t<\/div>\n\t\t\t\t\t<\/div>\n\t\t<\/div>\n\t\t\t\t<div class=\"elementor-column elementor-col-50 elementor-top-column elementor-element elementor-element-d7b41d1\" data-id=\"d7b41d1\" data-element_type=\"column\">\n\t\t\t<div class=\"elementor-widget-wrap elementor-element-populated\">\n\t\t\t\t\t\t\t\t<div class=\"elementor-element elementor-element-bd72b9e elementor-widget elementor-widget-image\" data-id=\"bd72b9e\" data-element_type=\"widget\" data-widget_type=\"image.default\">\n\t\t\t\t<div class=\"elementor-widget-container\">\n\t\t\t<style>\/*! elementor - v3.15.0 - 20-08-2023 *\/\n.elementor-widget-image{text-align:center}.elementor-widget-image a{display:inline-block}.elementor-widget-image a img[src$=\".svg\"]{width:48px}.elementor-widget-image img{vertical-align:middle;display:inline-block}<\/style>\t\t\t\t\t\t\t\t\t\t\t\t<img decoding=\"async\" loading=\"lazy\" width=\"462\" height=\"322\" src=\"https:\/\/la-fleur-de-lotus.fr\/wp-content\/uploads\/2023\/08\/8090da_ebbfda7f8c524fa4b477b96b8ab37fe7.webp\" class=\"attachment-2048x2048 size-2048x2048 wp-image-975\" alt=\"\" srcset=\"https:\/\/la-fleur-de-lotus.fr\/wp-content\/uploads\/2023\/08\/8090da_ebbfda7f8c524fa4b477b96b8ab37fe7.webp 462w, https:\/\/la-fleur-de-lotus.fr\/wp-content\/uploads\/2023\/08\/8090da_ebbfda7f8c524fa4b477b96b8ab37fe7-300x209.webp 300w\" sizes=\"(max-width: 462px) 100vw, 462px\" \/>\t\t\t\t\t\t\t\t\t\t\t\t\t\t\t<\/div>\n\t\t\t\t<\/div>\n\t\t\t\t\t<\/div>\n\t\t<\/div>\n\t\t\t\t\t\t\t<\/div>\n\t\t<\/section>\n\t\t\t\t\t\t\t<\/div>\n\t\t","protected":false},"excerpt":{"rendered":"<p>Le Massage ou l&#8217;Art du toucher pour une meilleure Sant\u00e9 Quelques notions et tentatives de d\u00e9finitions pour une bonne communication( pour une bonne action en comme Un) et mieux se comprendre(vous et moi; vous et vous\/soi ; moi et moi\/soi ) dans notre approche de notre activit\u00e9, de la Vie en g\u00e9n\u00e9rale et de la [&hellip;]<\/p>\n","protected":false},"author":1,"featured_media":0,"parent":0,"menu_order":0,"comment_status":"closed","ping_status":"closed","template":"elementor_header_footer","meta":{"om_disable_all_campaigns":false,"_monsterinsights_skip_tracking":false,"_monsterinsights_sitenote_active":false,"_monsterinsights_sitenote_note":"","_monsterinsights_sitenote_category":0,"footnotes":""},"aioseo_notices":[],"yoast_head":"<!-- This site is optimized with the Yoast SEO plugin v21.2 - https:\/\/yoast.com\/wordpress\/plugins\/seo\/ -->\n<title>Massage ou l&#039;Art du Toucher pour une meilleure Sant\u00e9 | La Fleur de Lotus<\/title>\n<meta name=\"robots\" content=\"index, follow, max-snippet:-1, max-image-preview:large, max-video-preview:-1\" \/>\n<link rel=\"canonical\" href=\"https:\/\/la-fleur-de-lotus.fr\/?page_id=367\" \/>\n<meta property=\"og:locale\" content=\"en_US\" \/>\n<meta property=\"og:type\" content=\"article\" \/>\n<meta property=\"og:title\" content=\"Massage ou l&#039;Art du Toucher pour une meilleure Sant\u00e9 | La Fleur de Lotus\" \/>\n<meta property=\"og:description\" content=\"Le Massage ou l&#8217;Art du toucher pour une meilleure Sant\u00e9 Quelques notions et tentatives de d\u00e9finitions pour une bonne communication( pour une bonne action en comme Un) et mieux se comprendre(vous et moi; vous et vous\/soi ; moi et moi\/soi ) dans notre approche de notre activit\u00e9, de la Vie en g\u00e9n\u00e9rale et de la [&hellip;]\" \/>\n<meta property=\"og:url\" content=\"https:\/\/la-fleur-de-lotus.fr\/?page_id=367\" \/>\n<meta property=\"og:site_name\" content=\"La Fleur de Lotus\" \/>\n<meta property=\"article:publisher\" content=\"https:\/\/www.facebook.com\/lafleurdelotus83\/\" \/>\n<meta property=\"article:modified_time\" content=\"2023-09-12T16:54:06+00:00\" \/>\n<meta property=\"og:image\" content=\"http:\/\/la-fleur-de-lotus.fr\/wp-content\/uploads\/2023\/08\/8090da_ebbfda7f8c524fa4b477b96b8ab37fe7.webp\" \/>\n<meta name=\"twitter:card\" content=\"summary_large_image\" \/>\n<meta name=\"twitter:label1\" content=\"Est. reading time\" \/>\n\t<meta name=\"twitter:data1\" content=\"3 minutes\" \/>\n<script type=\"application\/ld+json\" class=\"yoast-schema-graph\">{\"@context\":\"https:\/\/schema.org\",\"@graph\":[{\"@type\":\"WebPage\",\"@id\":\"https:\/\/la-fleur-de-lotus.fr\/?page_id=367\",\"url\":\"https:\/\/la-fleur-de-lotus.fr\/?page_id=367\",\"name\":\"Massage ou l'Art du Toucher pour une meilleure Sant\u00e9 | La Fleur de Lotus\",\"isPartOf\":{\"@id\":\"https:\/\/la-fleur-de-lotus.fr\/#website\"},\"datePublished\":\"2023-08-23T19:50:03+00:00\",\"dateModified\":\"2023-09-12T16:54:06+00:00\",\"breadcrumb\":{\"@id\":\"https:\/\/la-fleur-de-lotus.fr\/?page_id=367#breadcrumb\"},\"inLanguage\":\"en-US\",\"potentialAction\":[{\"@type\":\"ReadAction\",\"target\":[\"https:\/\/la-fleur-de-lotus.fr\/?page_id=367\"]}]},{\"@type\":\"BreadcrumbList\",\"@id\":\"https:\/\/la-fleur-de-lotus.fr\/?page_id=367#breadcrumb\",\"itemListElement\":[{\"@type\":\"ListItem\",\"position\":1,\"name\":\"Accueil\",\"item\":\"https:\/\/la-fleur-de-lotus.fr\/\"},{\"@type\":\"ListItem\",\"position\":2,\"name\":\"Massage ou l&#8217;Art du Toucher pour une meilleure Sant\u00e9\"}]},{\"@type\":\"WebSite\",\"@id\":\"https:\/\/la-fleur-de-lotus.fr\/#website\",\"url\":\"https:\/\/la-fleur-de-lotus.fr\/\",\"name\":\"La Fleur de Lotus\",\"description\":\"Praticien massage bien-\u00eatre sp\u00e9cialis\u00e9 en shiatsu et m\u00e9thode traditionnelles chinoises\",\"publisher\":{\"@id\":\"https:\/\/la-fleur-de-lotus.fr\/#organization\"},\"alternateName\":\"La Fleur de Lotus\",\"potentialAction\":[{\"@type\":\"SearchAction\",\"target\":{\"@type\":\"EntryPoint\",\"urlTemplate\":\"https:\/\/la-fleur-de-lotus.fr\/?s={search_term_string}\"},\"query-input\":\"required name=search_term_string\"}],\"inLanguage\":\"en-US\"},{\"@type\":\"Organization\",\"@id\":\"https:\/\/la-fleur-de-lotus.fr\/#organization\",\"name\":\"La Fleur de Lotus\",\"url\":\"https:\/\/la-fleur-de-lotus.fr\/\",\"logo\":{\"@type\":\"ImageObject\",\"inLanguage\":\"en-US\",\"@id\":\"https:\/\/la-fleur-de-lotus.fr\/#\/schema\/logo\/image\/\",\"url\":\"https:\/\/la-fleur-de-lotus.fr\/wp-content\/uploads\/2023\/07\/Logo-FleSSur-de-Lotus.png\",\"contentUrl\":\"https:\/\/la-fleur-de-lotus.fr\/wp-content\/uploads\/2023\/07\/Logo-FleSSur-de-Lotus.png\",\"width\":1000,\"height\":1000,\"caption\":\"La Fleur de Lotus\"},\"image\":{\"@id\":\"https:\/\/la-fleur-de-lotus.fr\/#\/schema\/logo\/image\/\"},\"sameAs\":[\"https:\/\/www.facebook.com\/lafleurdelotus83\/\"]}]}<\/script>\n<!-- \/ Yoast SEO plugin. -->","yoast_head_json":{"title":"Massage ou l'Art du Toucher pour une meilleure Sant\u00e9 | La Fleur de Lotus","robots":{"index":"index","follow":"follow","max-snippet":"max-snippet:-1","max-image-preview":"max-image-preview:large","max-video-preview":"max-video-preview:-1"},"canonical":"https:\/\/la-fleur-de-lotus.fr\/?page_id=367","og_locale":"en_US","og_type":"article","og_title":"Massage ou l'Art du Toucher pour une meilleure Sant\u00e9 | La Fleur de Lotus","og_description":"Le Massage ou l&#8217;Art du toucher pour une meilleure Sant\u00e9 Quelques notions et tentatives de d\u00e9finitions pour une bonne communication( pour une bonne action en comme Un) et mieux se comprendre(vous et moi; vous et vous\/soi ; moi et moi\/soi ) dans notre approche de notre activit\u00e9, de la Vie en g\u00e9n\u00e9rale et de la [&hellip;]","og_url":"https:\/\/la-fleur-de-lotus.fr\/?page_id=367","og_site_name":"La Fleur de Lotus","article_publisher":"https:\/\/www.facebook.com\/lafleurdelotus83\/","article_modified_time":"2023-09-12T16:54:06+00:00","og_image":[{"url":"http:\/\/la-fleur-de-lotus.fr\/wp-content\/uploads\/2023\/08\/8090da_ebbfda7f8c524fa4b477b96b8ab37fe7.webp"}],"twitter_card":"summary_large_image","twitter_misc":{"Est. reading time":"3 minutes"},"schema":{"@context":"https:\/\/schema.org","@graph":[{"@type":"WebPage","@id":"https:\/\/la-fleur-de-lotus.fr\/?page_id=367","url":"https:\/\/la-fleur-de-lotus.fr\/?page_id=367","name":"Massage ou l'Art du Toucher pour une meilleure Sant\u00e9 | La Fleur de Lotus","isPartOf":{"@id":"https:\/\/la-fleur-de-lotus.fr\/#website"},"datePublished":"2023-08-23T19:50:03+00:00","dateModified":"2023-09-12T16:54:06+00:00","breadcrumb":{"@id":"https:\/\/la-fleur-de-lotus.fr\/?page_id=367#breadcrumb"},"inLanguage":"en-US","potentialAction":[{"@type":"ReadAction","target":["https:\/\/la-fleur-de-lotus.fr\/?page_id=367"]}]},{"@type":"BreadcrumbList","@id":"https:\/\/la-fleur-de-lotus.fr\/?page_id=367#breadcrumb","itemListElement":[{"@type":"ListItem","position":1,"name":"Accueil","item":"https:\/\/la-fleur-de-lotus.fr\/"},{"@type":"ListItem","position":2,"name":"Massage ou l&#8217;Art du Toucher pour une meilleure Sant\u00e9"}]},{"@type":"WebSite","@id":"https:\/\/la-fleur-de-lotus.fr\/#website","url":"https:\/\/la-fleur-de-lotus.fr\/","name":"La Fleur de Lotus","description":"Praticien massage bien-\u00eatre sp\u00e9cialis\u00e9 en shiatsu et m\u00e9thode traditionnelles chinoises","publisher":{"@id":"https:\/\/la-fleur-de-lotus.fr\/#organization"},"alternateName":"La Fleur de Lotus","potentialAction":[{"@type":"SearchAction","target":{"@type":"EntryPoint","urlTemplate":"https:\/\/la-fleur-de-lotus.fr\/?s={search_term_string}"},"query-input":"required name=search_term_string"}],"inLanguage":"en-US"},{"@type":"Organization","@id":"https:\/\/la-fleur-de-lotus.fr\/#organization","name":"La Fleur de Lotus","url":"https:\/\/la-fleur-de-lotus.fr\/","logo":{"@type":"ImageObject","inLanguage":"en-US","@id":"https:\/\/la-fleur-de-lotus.fr\/#\/schema\/logo\/image\/","url":"https:\/\/la-fleur-de-lotus.fr\/wp-content\/uploads\/2023\/07\/Logo-FleSSur-de-Lotus.png","contentUrl":"https:\/\/la-fleur-de-lotus.fr\/wp-content\/uploads\/2023\/07\/Logo-FleSSur-de-Lotus.png","width":1000,"height":1000,"caption":"La Fleur de Lotus"},"image":{"@id":"https:\/\/la-fleur-de-lotus.fr\/#\/schema\/logo\/image\/"},"sameAs":["https:\/\/www.facebook.com\/lafleurdelotus83\/"]}]}},"_links":{"self":[{"href":"https:\/\/la-fleur-de-lotus.fr\/index.php?rest_route=\/wp\/v2\/pages\/367"}],"collection":[{"href":"https:\/\/la-fleur-de-lotus.fr\/index.php?rest_route=\/wp\/v2\/pages"}],"about":[{"href":"https:\/\/la-fleur-de-lotus.fr\/index.php?rest_route=\/wp\/v2\/types\/page"}],"author":[{"embeddable":true,"href":"https:\/\/la-fleur-de-lotus.fr\/index.php?rest_route=\/wp\/v2\/users\/1"}],"replies":[{"embeddable":true,"href":"https:\/\/la-fleur-de-lotus.fr\/index.php?rest_route=%2Fwp%2Fv2%2Fcomments&post=367"}],"version-history":[{"count":96,"href":"https:\/\/la-fleur-de-lotus.fr\/index.php?rest_route=\/wp\/v2\/pages\/367\/revisions"}],"predecessor-version":[{"id":1533,"href":"https:\/\/la-fleur-de-lotus.fr\/index.php?rest_route=\/wp\/v2\/pages\/367\/revisions\/1533"}],"wp:attachment":[{"href":"https:\/\/la-fleur-de-lotus.fr\/index.php?rest_route=%2Fwp%2Fv2%2Fmedia&parent=367"}],"curies":[{"name":"wp","href":"https:\/\/api.w.org\/{rel}","templated":true}]}}