{"id":365,"date":"2023-08-23T21:49:38","date_gmt":"2023-08-23T19:49:38","guid":{"rendered":"https:\/\/la-fleur-de-lotus.fr\/?page_id=365"},"modified":"2023-09-15T10:54:40","modified_gmt":"2023-09-15T08:54:40","slug":"le-massage-en-m-t-c","status":"publish","type":"page","link":"https:\/\/la-fleur-de-lotus.fr\/?page_id=365","title":{"rendered":"Nos rubriques &#8211; Les massages selon les principes de la M\u00e9decine Traditionnelle Chinois (M.T.C.)"},"content":{"rendered":"\t\t<div data-elementor-type=\"wp-page\" data-elementor-id=\"365\" class=\"elementor elementor-365\">\n\t\t\t\t\t\t\t\t\t<section class=\"elementor-section elementor-top-section elementor-element elementor-element-aa94e07 elementor-section-height-min-height elementor-section-boxed elementor-section-height-default elementor-section-items-middle wpr-particle-no wpr-jarallax-no wpr-parallax-no wpr-sticky-section-no\" data-id=\"aa94e07\" data-element_type=\"section\" data-settings=\"{&quot;background_background&quot;:&quot;slideshow&quot;,&quot;background_slideshow_gallery&quot;:[{&quot;id&quot;:869,&quot;url&quot;:&quot;http:\\\/\\\/la-fleur-de-lotus.fr\\\/wp-content\\\/uploads\\\/2023\\\/08\\\/medecine-traditionnelle-chinoise-900-600.jpg&quot;}],&quot;background_slideshow_slide_transition&quot;:&quot;slide_left&quot;,&quot;shape_divider_bottom&quot;:&quot;opacity-tilt&quot;,&quot;background_slideshow_loop&quot;:&quot;yes&quot;,&quot;background_slideshow_slide_duration&quot;:5000,&quot;background_slideshow_transition_duration&quot;:500}\">\n\t\t\t\t\t\t\t<div class=\"elementor-background-overlay\"><\/div>\n\t\t\t\t\t\t<div class=\"elementor-shape elementor-shape-bottom\" data-negative=\"false\">\n\t\t\t<svg xmlns=\"http:\/\/www.w3.org\/2000\/svg\" viewBox=\"0 0 2600 131.1\" preserveAspectRatio=\"none\">\n\t<path class=\"elementor-shape-fill\" d=\"M0 0L2600 0 2600 69.1 0 0z\"\/>\n\t<path class=\"elementor-shape-fill\" style=\"opacity:0.5\" d=\"M0 0L2600 0 2600 69.1 0 69.1z\"\/>\n\t<path class=\"elementor-shape-fill\" style=\"opacity:0.25\" d=\"M2600 0L0 0 0 130.1 2600 69.1z\"\/>\n<\/svg>\t\t<\/div>\n\t\t\t\t\t<div class=\"elementor-container elementor-column-gap-default\">\n\t\t\t\t\t<div class=\"elementor-column elementor-col-100 elementor-top-column elementor-element elementor-element-60581d1\" data-id=\"60581d1\" data-element_type=\"column\">\n\t\t\t<div class=\"elementor-widget-wrap elementor-element-populated\">\n\t\t\t\t\t\t\t\t<div class=\"elementor-element elementor-element-8061570 elementor-widget elementor-widget-spacer\" data-id=\"8061570\" data-element_type=\"widget\" data-widget_type=\"spacer.default\">\n\t\t\t\t<div class=\"elementor-widget-container\">\n\t\t\t<style>\/*! elementor - v3.15.0 - 20-08-2023 *\/\n.elementor-column .elementor-spacer-inner{height:var(--spacer-size)}.e-con{--container-widget-width:100%}.e-con-inner>.elementor-widget-spacer,.e-con>.elementor-widget-spacer{width:var(--container-widget-width,var(--spacer-size));--align-self:var(--container-widget-align-self,initial);--flex-shrink:0}.e-con-inner>.elementor-widget-spacer>.elementor-widget-container,.e-con-inner>.elementor-widget-spacer>.elementor-widget-container>.elementor-spacer,.e-con>.elementor-widget-spacer>.elementor-widget-container,.e-con>.elementor-widget-spacer>.elementor-widget-container>.elementor-spacer{height:100%}.e-con-inner>.elementor-widget-spacer>.elementor-widget-container>.elementor-spacer>.elementor-spacer-inner,.e-con>.elementor-widget-spacer>.elementor-widget-container>.elementor-spacer>.elementor-spacer-inner{height:var(--container-widget-height,var(--spacer-size))}<\/style>\t\t<div class=\"elementor-spacer\">\n\t\t\t<div class=\"elementor-spacer-inner\"><\/div>\n\t\t<\/div>\n\t\t\t\t<\/div>\n\t\t\t\t<\/div>\n\t\t\t\t<div class=\"elementor-element elementor-element-96b2028 elementor-widget elementor-widget-heading\" data-id=\"96b2028\" data-element_type=\"widget\" data-widget_type=\"heading.default\">\n\t\t\t\t<div class=\"elementor-widget-container\">\n\t\t\t<style>\/*! elementor - v3.15.0 - 20-08-2023 *\/\n.elementor-heading-title{padding:0;margin:0;line-height:1}.elementor-widget-heading .elementor-heading-title[class*=elementor-size-]>a{color:inherit;font-size:inherit;line-height:inherit}.elementor-widget-heading .elementor-heading-title.elementor-size-small{font-size:15px}.elementor-widget-heading .elementor-heading-title.elementor-size-medium{font-size:19px}.elementor-widget-heading .elementor-heading-title.elementor-size-large{font-size:29px}.elementor-widget-heading .elementor-heading-title.elementor-size-xl{font-size:39px}.elementor-widget-heading .elementor-heading-title.elementor-size-xxl{font-size:59px}<\/style><h1 class=\"elementor-heading-title elementor-size-default\">Les Massages selon les principes de la M\u00e9decine Traditionnelle Chinois (M.T.C.)<\/h1>\t\t<\/div>\n\t\t\t\t<\/div>\n\t\t\t\t<div class=\"elementor-element elementor-element-8ad9580 elementor-widget-divider--view-line elementor-widget elementor-widget-divider\" data-id=\"8ad9580\" data-element_type=\"widget\" data-widget_type=\"divider.default\">\n\t\t\t\t<div class=\"elementor-widget-container\">\n\t\t\t<style>\/*! elementor - v3.15.0 - 20-08-2023 *\/\n.elementor-widget-divider{--divider-border-style:none;--divider-border-width:1px;--divider-color:#0c0d0e;--divider-icon-size:20px;--divider-element-spacing:10px;--divider-pattern-height:24px;--divider-pattern-size:20px;--divider-pattern-url:none;--divider-pattern-repeat:repeat-x}.elementor-widget-divider .elementor-divider{display:flex}.elementor-widget-divider .elementor-divider__text{font-size:15px;line-height:1;max-width:95%}.elementor-widget-divider .elementor-divider__element{margin:0 var(--divider-element-spacing);flex-shrink:0}.elementor-widget-divider .elementor-icon{font-size:var(--divider-icon-size)}.elementor-widget-divider .elementor-divider-separator{display:flex;margin:0;direction:ltr}.elementor-widget-divider--view-line_icon .elementor-divider-separator,.elementor-widget-divider--view-line_text .elementor-divider-separator{align-items:center}.elementor-widget-divider--view-line_icon .elementor-divider-separator:after,.elementor-widget-divider--view-line_icon .elementor-divider-separator:before,.elementor-widget-divider--view-line_text .elementor-divider-separator:after,.elementor-widget-divider--view-line_text .elementor-divider-separator:before{display:block;content:\"\";border-bottom:0;flex-grow:1;border-top:var(--divider-border-width) var(--divider-border-style) var(--divider-color)}.elementor-widget-divider--element-align-left .elementor-divider .elementor-divider-separator>.elementor-divider__svg:first-of-type{flex-grow:0;flex-shrink:100}.elementor-widget-divider--element-align-left .elementor-divider-separator:before{content:none}.elementor-widget-divider--element-align-left .elementor-divider__element{margin-left:0}.elementor-widget-divider--element-align-right .elementor-divider .elementor-divider-separator>.elementor-divider__svg:last-of-type{flex-grow:0;flex-shrink:100}.elementor-widget-divider--element-align-right .elementor-divider-separator:after{content:none}.elementor-widget-divider--element-align-right .elementor-divider__element{margin-right:0}.elementor-widget-divider:not(.elementor-widget-divider--view-line_text):not(.elementor-widget-divider--view-line_icon) .elementor-divider-separator{border-top:var(--divider-border-width) var(--divider-border-style) var(--divider-color)}.elementor-widget-divider--separator-type-pattern{--divider-border-style:none}.elementor-widget-divider--separator-type-pattern.elementor-widget-divider--view-line .elementor-divider-separator,.elementor-widget-divider--separator-type-pattern:not(.elementor-widget-divider--view-line) .elementor-divider-separator:after,.elementor-widget-divider--separator-type-pattern:not(.elementor-widget-divider--view-line) .elementor-divider-separator:before,.elementor-widget-divider--separator-type-pattern:not([class*=elementor-widget-divider--view]) .elementor-divider-separator{width:100%;min-height:var(--divider-pattern-height);-webkit-mask-size:var(--divider-pattern-size) 100%;mask-size:var(--divider-pattern-size) 100%;-webkit-mask-repeat:var(--divider-pattern-repeat);mask-repeat:var(--divider-pattern-repeat);background-color:var(--divider-color);-webkit-mask-image:var(--divider-pattern-url);mask-image:var(--divider-pattern-url)}.elementor-widget-divider--no-spacing{--divider-pattern-size:auto}.elementor-widget-divider--bg-round{--divider-pattern-repeat:round}.rtl .elementor-widget-divider .elementor-divider__text{direction:rtl}.e-con-inner>.elementor-widget-divider,.e-con>.elementor-widget-divider{width:var(--container-widget-width,100%);--flex-grow:var(--container-widget-flex-grow)}<\/style>\t\t<div class=\"elementor-divider\">\n\t\t\t<span class=\"elementor-divider-separator\">\n\t\t\t\t\t\t<\/span>\n\t\t<\/div>\n\t\t\t\t<\/div>\n\t\t\t\t<\/div>\n\t\t\t\t<div class=\"elementor-element elementor-element-c0f0e1d elementor-widget elementor-widget-spacer\" data-id=\"c0f0e1d\" data-element_type=\"widget\" data-widget_type=\"spacer.default\">\n\t\t\t\t<div class=\"elementor-widget-container\">\n\t\t\t\t\t<div class=\"elementor-spacer\">\n\t\t\t<div class=\"elementor-spacer-inner\"><\/div>\n\t\t<\/div>\n\t\t\t\t<\/div>\n\t\t\t\t<\/div>\n\t\t\t\t<div class=\"elementor-element elementor-element-2d6c999 elementor-widget elementor-widget-spacer\" data-id=\"2d6c999\" data-element_type=\"widget\" data-widget_type=\"spacer.default\">\n\t\t\t\t<div class=\"elementor-widget-container\">\n\t\t\t\t\t<div class=\"elementor-spacer\">\n\t\t\t<div class=\"elementor-spacer-inner\"><\/div>\n\t\t<\/div>\n\t\t\t\t<\/div>\n\t\t\t\t<\/div>\n\t\t\t\t\t<\/div>\n\t\t<\/div>\n\t\t\t\t\t\t\t<\/div>\n\t\t<\/section>\n\t\t\t\t<section class=\"elementor-section elementor-top-section elementor-element elementor-element-dccb66b elementor-section-boxed elementor-section-height-default elementor-section-height-default wpr-particle-no wpr-jarallax-no wpr-parallax-no wpr-sticky-section-no\" data-id=\"dccb66b\" data-element_type=\"section\">\n\t\t\t\t\t\t<div class=\"elementor-container elementor-column-gap-default\">\n\t\t\t\t\t<div class=\"elementor-column elementor-col-50 elementor-top-column elementor-element elementor-element-c625b66\" data-id=\"c625b66\" data-element_type=\"column\">\n\t\t\t<div class=\"elementor-widget-wrap elementor-element-populated\">\n\t\t\t\t\t\t\t\t<div class=\"elementor-element elementor-element-0e30266 elementor-widget elementor-widget-text-editor\" data-id=\"0e30266\" data-element_type=\"widget\" data-widget_type=\"text-editor.default\">\n\t\t\t\t<div class=\"elementor-widget-container\">\n\t\t\t<style>\/*! elementor - v3.15.0 - 20-08-2023 *\/\n.elementor-widget-text-editor.elementor-drop-cap-view-stacked .elementor-drop-cap{background-color:#69727d;color:#fff}.elementor-widget-text-editor.elementor-drop-cap-view-framed .elementor-drop-cap{color:#69727d;border:3px solid;background-color:transparent}.elementor-widget-text-editor:not(.elementor-drop-cap-view-default) .elementor-drop-cap{margin-top:8px}.elementor-widget-text-editor:not(.elementor-drop-cap-view-default) .elementor-drop-cap-letter{width:1em;height:1em}.elementor-widget-text-editor .elementor-drop-cap{float:left;text-align:center;line-height:1;font-size:50px}.elementor-widget-text-editor .elementor-drop-cap-letter{display:inline-block}<\/style>\t\t\t\t<div class=\"flex flex-grow flex-col gap-3 max-w-full\">\n<div class=\"min-h-[20px] flex flex-col items-start gap-3 overflow-x-auto whitespace-pre-wrap break-words\">\n<div class=\"markdown prose w-full break-words dark:prose-invert dark\">\n<p><strong>L<\/strong><b>a M\u00e9decine Traditionnelle Chinoise<\/b> <b>(M.T.C)<\/b> est un syst\u00e8me holistique qui englobe une vari\u00e9t\u00e9 de pratiques th\u00e9rapeutiques, dont le massage est un \u00e9l\u00e9ment central. Depuis des mill\u00e9naires, le massage, en conjonction avec d&#8217;autres m\u00e9thodes comme l&#8217;acupuncture et la phytoth\u00e9rapie, a \u00e9t\u00e9 utilis\u00e9 pour \u00e9quilibrer le flux d&#8217;\u00e9nergie vitale, ou Qi, dans le corps.<\/p>\n<p><strong>Le Shiatsu, le Tui Na, le Chi Nei Tsang et la R\u00e9flexologie font partie de L&#8217;Art du Toucher<\/strong> : ce sont les formes la plus courante de massage en MTC. Ils utilisent une vari\u00e9t\u00e9 de techniques manuelles sous des formes parfois tr\u00e8s diff\u00e9rentes&nbsp; pour stimuler, le corps, le sang, les Tsubos ( points d&#8217;acupuncture) et les m\u00e9ridiens, favorisant ainsi la circulation du Qi et le fonctionnement de l&#8217;organisme. Ils sont utilis\u00e9s &#8220;Id\u00e9alement&#8221; en Pr\u00e9vention ( comme le dit l&#8217;adage &#8220;mieux vaut pr\u00e9venir que gu\u00e9rir&#8221;)des maladies, manifest\u00e9 par un Bien-\u00catre au quotidien mais peut aussi aider \u00e0 traiter une gamme de maux, de douleurs physiques( musculo-squelettiques, organiques ou autres) ainsi qu&#8217;un mal-\u00eatre plus psychique ou \u00e9motionnel.<\/p>\n<p><strong>Qi et \u00c9quilibre<\/strong> : Au c\u0153ur de la MTC se trouve le concept de Qi, l&#8217;\u00e9nergie vitale qui circule dans le corps \u00e0 travers un r\u00e9seau de m\u00e9ridiens. Un flux harmonieux de Qi est essentiel pour la sant\u00e9 et le bien-\u00eatre. Le massage, en stimulant et en \u00e9quilibrant ce flux, joue un r\u00f4le crucial dans la pr\u00e9vention et le traitement des maladies car il sous tend l&#8217;aspect Yang(intangible et moins&nbsp; appr\u00e9hendable) du corps physique Yin(tangible et visible).<\/p>\n<div class=\"flex flex-grow flex-col gap-3 max-w-full\">\n<div class=\"min-h-[20px] flex flex-col items-start gap-3 overflow-x-auto whitespace-pre-wrap break-words\">\n<p><strong>Au-del\u00e0 de la D\u00e9tente et selon des principes Traditionnels<\/strong> : Si les massages selon la MTC offre une relaxation profonde, ses bienfaits vont bien au-del\u00e0. Il peut aider notamment \u00e0 soulager la douleur, am\u00e9liorer la digestion, favoriser le sommeil et renforcer le syst\u00e8me immunitaire. C&#8217;est une approche globale bas\u00e9e sur l&#8217;exp\u00e9rience et l&#8217;observation des Lois Naturelles&nbsp; transmissent et \u00e9prouv\u00e9s de mani\u00e8re ininterrompue&nbsp; depuis une &#8220;Tradition*&#8221;de la M\u00e9decine plusieurs fois mill\u00e9naire et vivante(\u00e0 la diff\u00e9rence de la M\u00e9decine Occidentale, plus r\u00e9cente et tr\u00e8s performante&nbsp; pour traiter des disfonctionnements m\u00e9caniques pr\u00e9cis) qui consid\u00e8re le corps, l&#8217;esprit et l&#8217;\u00e2me comme interconnect\u00e9s et interd\u00e9pendants.<\/p>\n<p><strong>Un H\u00e9ritage Ancien pour le Monde Moderne<\/strong> : Aujourd&#8217;hui, alors que l&#8217;int\u00e9r\u00eat pour les approches holistiques de la sant\u00e9 continue de cro\u00eetre, les massages selon la M.T.C offrent une alternative pr\u00e9cieuse aux m\u00e9thodes occidentales. Ils sont le reflet d&#8217;une sagesse ancienne, adapt\u00e9e aux besoins du monde moderne qui loin de s&#8217;opposer \u00e0 notre m\u00e9decine occidentale, invite chacun \u00e0 mieux se connaitre et s&#8217;\u00e9panouir dans l&#8217;ensemble de son &#8220;\u00catret\u00e9&#8221;.<\/p>\n<p>*<b>La Tradition <\/b>est une notion tr\u00e8s importante que l&#8217;occident \u00e0 malheureusement perdu en M\u00e9decine, qui permet au praticien non pas de s&#8217;enfermer dans une doctrine mais de s&#8217;appuyer sur une Transmission vivante afin de progresser dans l&#8217;Art et d&#8217;\u00e9ventuellement valider et nommer son exp\u00e9rience<\/p>\n<\/div>\n<\/div>\n<\/div>\n<\/div>\n<\/div>\t\t\t\t\t\t<\/div>\n\t\t\t\t<\/div>\n\t\t\t\t\t<\/div>\n\t\t<\/div>\n\t\t\t\t<div class=\"elementor-column elementor-col-50 elementor-top-column elementor-element elementor-element-137a5df\" data-id=\"137a5df\" data-element_type=\"column\">\n\t\t\t<div class=\"elementor-widget-wrap elementor-element-populated\">\n\t\t\t\t\t\t\t\t<div class=\"elementor-element elementor-element-c9cee74 elementor-widget elementor-widget-image\" data-id=\"c9cee74\" data-element_type=\"widget\" data-widget_type=\"image.default\">\n\t\t\t\t<div class=\"elementor-widget-container\">\n\t\t\t<style>\/*! elementor - v3.15.0 - 20-08-2023 *\/\n.elementor-widget-image{text-align:center}.elementor-widget-image a{display:inline-block}.elementor-widget-image a img[src$=\".svg\"]{width:48px}.elementor-widget-image img{vertical-align:middle;display:inline-block}<\/style>\t\t\t\t\t\t\t\t\t\t\t\t<img decoding=\"async\" loading=\"lazy\" width=\"1357\" height=\"2000\" src=\"https:\/\/la-fleur-de-lotus.fr\/wp-content\/uploads\/2023\/08\/femme-se-detendre-dans-spa.jpg\" class=\"attachment-2048x2048 size-2048x2048 wp-image-999\" alt=\"\" srcset=\"https:\/\/la-fleur-de-lotus.fr\/wp-content\/uploads\/2023\/08\/femme-se-detendre-dans-spa.jpg 1357w, https:\/\/la-fleur-de-lotus.fr\/wp-content\/uploads\/2023\/08\/femme-se-detendre-dans-spa-204x300.jpg 204w, https:\/\/la-fleur-de-lotus.fr\/wp-content\/uploads\/2023\/08\/femme-se-detendre-dans-spa-695x1024.jpg 695w, https:\/\/la-fleur-de-lotus.fr\/wp-content\/uploads\/2023\/08\/femme-se-detendre-dans-spa-768x1132.jpg 768w, https:\/\/la-fleur-de-lotus.fr\/wp-content\/uploads\/2023\/08\/femme-se-detendre-dans-spa-1042x1536.jpg 1042w\" sizes=\"(max-width: 1357px) 100vw, 1357px\" \/>\t\t\t\t\t\t\t\t\t\t\t\t\t\t\t<\/div>\n\t\t\t\t<\/div>\n\t\t\t\t\t<\/div>\n\t\t<\/div>\n\t\t\t\t\t\t\t<\/div>\n\t\t<\/section>\n\t\t\t\t\t\t\t<\/div>\n\t\t","protected":false},"excerpt":{"rendered":"<p>Les Massages selon les principes de la M\u00e9decine Traditionnelle Chinois (M.T.C.) La M\u00e9decine Traditionnelle Chinoise (M.T.C) est un syst\u00e8me holistique qui englobe une vari\u00e9t\u00e9 de pratiques th\u00e9rapeutiques, dont le massage est un \u00e9l\u00e9ment central. Depuis des mill\u00e9naires, le massage, en conjonction avec d&#8217;autres m\u00e9thodes comme l&#8217;acupuncture et la phytoth\u00e9rapie, a \u00e9t\u00e9 utilis\u00e9 pour \u00e9quilibrer le [&hellip;]<\/p>\n","protected":false},"author":1,"featured_media":0,"parent":0,"menu_order":0,"comment_status":"closed","ping_status":"closed","template":"elementor_header_footer","meta":{"om_disable_all_campaigns":false,"_monsterinsights_skip_tracking":false,"_monsterinsights_sitenote_active":false,"_monsterinsights_sitenote_note":"","_monsterinsights_sitenote_category":0,"footnotes":""},"aioseo_notices":[],"yoast_head":"<!-- This site is optimized with the Yoast SEO plugin v21.2 - https:\/\/yoast.com\/wordpress\/plugins\/seo\/ -->\n<title>Nos rubriques - Les massages selon les principes de la M\u00e9decine Traditionnelle Chinois (M.T.C.) | La Fleur de Lotus<\/title>\n<meta name=\"robots\" content=\"index, follow, max-snippet:-1, max-image-preview:large, max-video-preview:-1\" \/>\n<link rel=\"canonical\" href=\"https:\/\/la-fleur-de-lotus.fr\/?page_id=365\" \/>\n<meta property=\"og:locale\" content=\"en_US\" \/>\n<meta property=\"og:type\" content=\"article\" \/>\n<meta property=\"og:title\" content=\"Nos rubriques - Les massages selon les principes de la M\u00e9decine Traditionnelle Chinois (M.T.C.) | La Fleur de Lotus\" \/>\n<meta property=\"og:description\" content=\"Les Massages selon les principes de la M\u00e9decine Traditionnelle Chinois (M.T.C.) La M\u00e9decine Traditionnelle Chinoise (M.T.C) est un syst\u00e8me holistique qui englobe une vari\u00e9t\u00e9 de pratiques th\u00e9rapeutiques, dont le massage est un \u00e9l\u00e9ment central. Depuis des mill\u00e9naires, le massage, en conjonction avec d&#8217;autres m\u00e9thodes comme l&#8217;acupuncture et la phytoth\u00e9rapie, a \u00e9t\u00e9 utilis\u00e9 pour \u00e9quilibrer le [&hellip;]\" \/>\n<meta property=\"og:url\" content=\"https:\/\/la-fleur-de-lotus.fr\/?page_id=365\" \/>\n<meta property=\"og:site_name\" content=\"La Fleur de Lotus\" \/>\n<meta property=\"article:publisher\" content=\"https:\/\/www.facebook.com\/lafleurdelotus83\/\" \/>\n<meta property=\"article:modified_time\" content=\"2023-09-15T08:54:40+00:00\" \/>\n<meta property=\"og:image\" content=\"http:\/\/la-fleur-de-lotus.fr\/wp-content\/uploads\/2023\/08\/femme-se-detendre-dans-spa.jpg\" \/>\n<meta name=\"twitter:card\" content=\"summary_large_image\" \/>\n<meta name=\"twitter:label1\" content=\"Est. reading time\" \/>\n\t<meta name=\"twitter:data1\" content=\"3 minutes\" \/>\n<script type=\"application\/ld+json\" class=\"yoast-schema-graph\">{\"@context\":\"https:\/\/schema.org\",\"@graph\":[{\"@type\":\"WebPage\",\"@id\":\"https:\/\/la-fleur-de-lotus.fr\/?page_id=365\",\"url\":\"https:\/\/la-fleur-de-lotus.fr\/?page_id=365\",\"name\":\"Nos rubriques - Les massages selon les principes de la M\u00e9decine Traditionnelle Chinois (M.T.C.) | La Fleur de Lotus\",\"isPartOf\":{\"@id\":\"https:\/\/la-fleur-de-lotus.fr\/#website\"},\"datePublished\":\"2023-08-23T19:49:38+00:00\",\"dateModified\":\"2023-09-15T08:54:40+00:00\",\"breadcrumb\":{\"@id\":\"https:\/\/la-fleur-de-lotus.fr\/?page_id=365#breadcrumb\"},\"inLanguage\":\"en-US\",\"potentialAction\":[{\"@type\":\"ReadAction\",\"target\":[\"https:\/\/la-fleur-de-lotus.fr\/?page_id=365\"]}]},{\"@type\":\"BreadcrumbList\",\"@id\":\"https:\/\/la-fleur-de-lotus.fr\/?page_id=365#breadcrumb\",\"itemListElement\":[{\"@type\":\"ListItem\",\"position\":1,\"name\":\"Accueil\",\"item\":\"https:\/\/la-fleur-de-lotus.fr\/\"},{\"@type\":\"ListItem\",\"position\":2,\"name\":\"Nos rubriques &#8211; Les massages selon les principes de la M\u00e9decine Traditionnelle Chinois (M.T.C.)\"}]},{\"@type\":\"WebSite\",\"@id\":\"https:\/\/la-fleur-de-lotus.fr\/#website\",\"url\":\"https:\/\/la-fleur-de-lotus.fr\/\",\"name\":\"La Fleur de Lotus\",\"description\":\"Praticien massage bien-\u00eatre sp\u00e9cialis\u00e9 en shiatsu et m\u00e9thode traditionnelles chinoises\",\"publisher\":{\"@id\":\"https:\/\/la-fleur-de-lotus.fr\/#organization\"},\"alternateName\":\"La Fleur de Lotus\",\"potentialAction\":[{\"@type\":\"SearchAction\",\"target\":{\"@type\":\"EntryPoint\",\"urlTemplate\":\"https:\/\/la-fleur-de-lotus.fr\/?s={search_term_string}\"},\"query-input\":\"required name=search_term_string\"}],\"inLanguage\":\"en-US\"},{\"@type\":\"Organization\",\"@id\":\"https:\/\/la-fleur-de-lotus.fr\/#organization\",\"name\":\"La Fleur de Lotus\",\"url\":\"https:\/\/la-fleur-de-lotus.fr\/\",\"logo\":{\"@type\":\"ImageObject\",\"inLanguage\":\"en-US\",\"@id\":\"https:\/\/la-fleur-de-lotus.fr\/#\/schema\/logo\/image\/\",\"url\":\"https:\/\/la-fleur-de-lotus.fr\/wp-content\/uploads\/2023\/07\/Logo-FleSSur-de-Lotus.png\",\"contentUrl\":\"https:\/\/la-fleur-de-lotus.fr\/wp-content\/uploads\/2023\/07\/Logo-FleSSur-de-Lotus.png\",\"width\":1000,\"height\":1000,\"caption\":\"La Fleur de Lotus\"},\"image\":{\"@id\":\"https:\/\/la-fleur-de-lotus.fr\/#\/schema\/logo\/image\/\"},\"sameAs\":[\"https:\/\/www.facebook.com\/lafleurdelotus83\/\"]}]}<\/script>\n<!-- \/ Yoast SEO plugin. -->","yoast_head_json":{"title":"Nos rubriques - Les massages selon les principes de la M\u00e9decine Traditionnelle Chinois (M.T.C.) | La Fleur de Lotus","robots":{"index":"index","follow":"follow","max-snippet":"max-snippet:-1","max-image-preview":"max-image-preview:large","max-video-preview":"max-video-preview:-1"},"canonical":"https:\/\/la-fleur-de-lotus.fr\/?page_id=365","og_locale":"en_US","og_type":"article","og_title":"Nos rubriques - Les massages selon les principes de la M\u00e9decine Traditionnelle Chinois (M.T.C.) | La Fleur de Lotus","og_description":"Les Massages selon les principes de la M\u00e9decine Traditionnelle Chinois (M.T.C.) La M\u00e9decine Traditionnelle Chinoise (M.T.C) est un syst\u00e8me holistique qui englobe une vari\u00e9t\u00e9 de pratiques th\u00e9rapeutiques, dont le massage est un \u00e9l\u00e9ment central. Depuis des mill\u00e9naires, le massage, en conjonction avec d&#8217;autres m\u00e9thodes comme l&#8217;acupuncture et la phytoth\u00e9rapie, a \u00e9t\u00e9 utilis\u00e9 pour \u00e9quilibrer le [&hellip;]","og_url":"https:\/\/la-fleur-de-lotus.fr\/?page_id=365","og_site_name":"La Fleur de Lotus","article_publisher":"https:\/\/www.facebook.com\/lafleurdelotus83\/","article_modified_time":"2023-09-15T08:54:40+00:00","og_image":[{"url":"http:\/\/la-fleur-de-lotus.fr\/wp-content\/uploads\/2023\/08\/femme-se-detendre-dans-spa.jpg"}],"twitter_card":"summary_large_image","twitter_misc":{"Est. reading time":"3 minutes"},"schema":{"@context":"https:\/\/schema.org","@graph":[{"@type":"WebPage","@id":"https:\/\/la-fleur-de-lotus.fr\/?page_id=365","url":"https:\/\/la-fleur-de-lotus.fr\/?page_id=365","name":"Nos rubriques - Les massages selon les principes de la M\u00e9decine Traditionnelle Chinois (M.T.C.) | La Fleur de Lotus","isPartOf":{"@id":"https:\/\/la-fleur-de-lotus.fr\/#website"},"datePublished":"2023-08-23T19:49:38+00:00","dateModified":"2023-09-15T08:54:40+00:00","breadcrumb":{"@id":"https:\/\/la-fleur-de-lotus.fr\/?page_id=365#breadcrumb"},"inLanguage":"en-US","potentialAction":[{"@type":"ReadAction","target":["https:\/\/la-fleur-de-lotus.fr\/?page_id=365"]}]},{"@type":"BreadcrumbList","@id":"https:\/\/la-fleur-de-lotus.fr\/?page_id=365#breadcrumb","itemListElement":[{"@type":"ListItem","position":1,"name":"Accueil","item":"https:\/\/la-fleur-de-lotus.fr\/"},{"@type":"ListItem","position":2,"name":"Nos rubriques &#8211; Les massages selon les principes de la M\u00e9decine Traditionnelle Chinois (M.T.C.)"}]},{"@type":"WebSite","@id":"https:\/\/la-fleur-de-lotus.fr\/#website","url":"https:\/\/la-fleur-de-lotus.fr\/","name":"La Fleur de Lotus","description":"Praticien massage bien-\u00eatre sp\u00e9cialis\u00e9 en shiatsu et m\u00e9thode traditionnelles chinoises","publisher":{"@id":"https:\/\/la-fleur-de-lotus.fr\/#organization"},"alternateName":"La Fleur de Lotus","potentialAction":[{"@type":"SearchAction","target":{"@type":"EntryPoint","urlTemplate":"https:\/\/la-fleur-de-lotus.fr\/?s={search_term_string}"},"query-input":"required name=search_term_string"}],"inLanguage":"en-US"},{"@type":"Organization","@id":"https:\/\/la-fleur-de-lotus.fr\/#organization","name":"La Fleur de Lotus","url":"https:\/\/la-fleur-de-lotus.fr\/","logo":{"@type":"ImageObject","inLanguage":"en-US","@id":"https:\/\/la-fleur-de-lotus.fr\/#\/schema\/logo\/image\/","url":"https:\/\/la-fleur-de-lotus.fr\/wp-content\/uploads\/2023\/07\/Logo-FleSSur-de-Lotus.png","contentUrl":"https:\/\/la-fleur-de-lotus.fr\/wp-content\/uploads\/2023\/07\/Logo-FleSSur-de-Lotus.png","width":1000,"height":1000,"caption":"La Fleur de Lotus"},"image":{"@id":"https:\/\/la-fleur-de-lotus.fr\/#\/schema\/logo\/image\/"},"sameAs":["https:\/\/www.facebook.com\/lafleurdelotus83\/"]}]}},"_links":{"self":[{"href":"https:\/\/la-fleur-de-lotus.fr\/index.php?rest_route=\/wp\/v2\/pages\/365"}],"collection":[{"href":"https:\/\/la-fleur-de-lotus.fr\/index.php?rest_route=\/wp\/v2\/pages"}],"about":[{"href":"https:\/\/la-fleur-de-lotus.fr\/index.php?rest_route=\/wp\/v2\/types\/page"}],"author":[{"embeddable":true,"href":"https:\/\/la-fleur-de-lotus.fr\/index.php?rest_route=\/wp\/v2\/users\/1"}],"replies":[{"embeddable":true,"href":"https:\/\/la-fleur-de-lotus.fr\/index.php?rest_route=%2Fwp%2Fv2%2Fcomments&post=365"}],"version-history":[{"count":42,"href":"https:\/\/la-fleur-de-lotus.fr\/index.php?rest_route=\/wp\/v2\/pages\/365\/revisions"}],"predecessor-version":[{"id":1536,"href":"https:\/\/la-fleur-de-lotus.fr\/index.php?rest_route=\/wp\/v2\/pages\/365\/revisions\/1536"}],"wp:attachment":[{"href":"https:\/\/la-fleur-de-lotus.fr\/index.php?rest_route=%2Fwp%2Fv2%2Fmedia&parent=365"}],"curies":[{"name":"wp","href":"https:\/\/api.w.org\/{rel}","templated":true}]}}