{"id":362,"date":"2023-08-23T21:49:15","date_gmt":"2023-08-23T19:49:15","guid":{"rendered":"https:\/\/la-fleur-de-lotus.fr\/?page_id=362"},"modified":"2023-08-25T17:52:28","modified_gmt":"2023-08-25T15:52:28","slug":"histoire-du-massage","status":"publish","type":"page","link":"https:\/\/la-fleur-de-lotus.fr\/?page_id=362","title":{"rendered":"Histoire du massage"},"content":{"rendered":"\t\t<div data-elementor-type=\"wp-page\" data-elementor-id=\"362\" class=\"elementor elementor-362\">\n\t\t\t\t\t\t\t\t\t<section class=\"elementor-section elementor-top-section elementor-element elementor-element-9653a47 elementor-section-height-min-height elementor-section-boxed elementor-section-height-default elementor-section-items-middle wpr-particle-no wpr-jarallax-no wpr-parallax-no wpr-sticky-section-no\" data-id=\"9653a47\" data-element_type=\"section\" data-settings=\"{&quot;background_background&quot;:&quot;slideshow&quot;,&quot;background_slideshow_gallery&quot;:[{&quot;id&quot;:859,&quot;url&quot;:&quot;http:\\\/\\\/la-fleur-de-lotus.fr\\\/wp-content\\\/uploads\\\/2023\\\/08\\\/histoire01.jpg&quot;}],&quot;background_slideshow_slide_transition&quot;:&quot;slide_left&quot;,&quot;shape_divider_bottom&quot;:&quot;opacity-tilt&quot;,&quot;background_slideshow_loop&quot;:&quot;yes&quot;,&quot;background_slideshow_slide_duration&quot;:5000,&quot;background_slideshow_transition_duration&quot;:500}\">\n\t\t\t\t\t\t\t<div class=\"elementor-background-overlay\"><\/div>\n\t\t\t\t\t\t<div class=\"elementor-shape elementor-shape-bottom\" data-negative=\"false\">\n\t\t\t<svg xmlns=\"http:\/\/www.w3.org\/2000\/svg\" viewBox=\"0 0 2600 131.1\" preserveAspectRatio=\"none\">\n\t<path class=\"elementor-shape-fill\" d=\"M0 0L2600 0 2600 69.1 0 0z\"\/>\n\t<path class=\"elementor-shape-fill\" style=\"opacity:0.5\" d=\"M0 0L2600 0 2600 69.1 0 69.1z\"\/>\n\t<path class=\"elementor-shape-fill\" style=\"opacity:0.25\" d=\"M2600 0L0 0 0 130.1 2600 69.1z\"\/>\n<\/svg>\t\t<\/div>\n\t\t\t\t\t<div class=\"elementor-container elementor-column-gap-default\">\n\t\t\t\t\t<div class=\"elementor-column elementor-col-100 elementor-top-column elementor-element elementor-element-cdc977c\" data-id=\"cdc977c\" data-element_type=\"column\">\n\t\t\t<div class=\"elementor-widget-wrap elementor-element-populated\">\n\t\t\t\t\t\t\t\t<div class=\"elementor-element elementor-element-ff8f4ec elementor-widget elementor-widget-spacer\" data-id=\"ff8f4ec\" data-element_type=\"widget\" data-widget_type=\"spacer.default\">\n\t\t\t\t<div class=\"elementor-widget-container\">\n\t\t\t<style>\/*! elementor - v3.15.0 - 20-08-2023 *\/\n.elementor-column .elementor-spacer-inner{height:var(--spacer-size)}.e-con{--container-widget-width:100%}.e-con-inner>.elementor-widget-spacer,.e-con>.elementor-widget-spacer{width:var(--container-widget-width,var(--spacer-size));--align-self:var(--container-widget-align-self,initial);--flex-shrink:0}.e-con-inner>.elementor-widget-spacer>.elementor-widget-container,.e-con-inner>.elementor-widget-spacer>.elementor-widget-container>.elementor-spacer,.e-con>.elementor-widget-spacer>.elementor-widget-container,.e-con>.elementor-widget-spacer>.elementor-widget-container>.elementor-spacer{height:100%}.e-con-inner>.elementor-widget-spacer>.elementor-widget-container>.elementor-spacer>.elementor-spacer-inner,.e-con>.elementor-widget-spacer>.elementor-widget-container>.elementor-spacer>.elementor-spacer-inner{height:var(--container-widget-height,var(--spacer-size))}<\/style>\t\t<div class=\"elementor-spacer\">\n\t\t\t<div class=\"elementor-spacer-inner\"><\/div>\n\t\t<\/div>\n\t\t\t\t<\/div>\n\t\t\t\t<\/div>\n\t\t\t\t<div class=\"elementor-element elementor-element-44b80bd elementor-widget elementor-widget-heading\" data-id=\"44b80bd\" data-element_type=\"widget\" data-widget_type=\"heading.default\">\n\t\t\t\t<div class=\"elementor-widget-container\">\n\t\t\t<style>\/*! elementor - v3.15.0 - 20-08-2023 *\/\n.elementor-heading-title{padding:0;margin:0;line-height:1}.elementor-widget-heading .elementor-heading-title[class*=elementor-size-]>a{color:inherit;font-size:inherit;line-height:inherit}.elementor-widget-heading .elementor-heading-title.elementor-size-small{font-size:15px}.elementor-widget-heading .elementor-heading-title.elementor-size-medium{font-size:19px}.elementor-widget-heading .elementor-heading-title.elementor-size-large{font-size:29px}.elementor-widget-heading .elementor-heading-title.elementor-size-xl{font-size:39px}.elementor-widget-heading .elementor-heading-title.elementor-size-xxl{font-size:59px}<\/style><h1 class=\"elementor-heading-title elementor-size-default\">Histoire du Massage<\/h1>\t\t<\/div>\n\t\t\t\t<\/div>\n\t\t\t\t<div class=\"elementor-element elementor-element-294a504 elementor-widget-divider--view-line elementor-widget elementor-widget-divider\" data-id=\"294a504\" data-element_type=\"widget\" data-widget_type=\"divider.default\">\n\t\t\t\t<div class=\"elementor-widget-container\">\n\t\t\t<style>\/*! elementor - v3.15.0 - 20-08-2023 *\/\n.elementor-widget-divider{--divider-border-style:none;--divider-border-width:1px;--divider-color:#0c0d0e;--divider-icon-size:20px;--divider-element-spacing:10px;--divider-pattern-height:24px;--divider-pattern-size:20px;--divider-pattern-url:none;--divider-pattern-repeat:repeat-x}.elementor-widget-divider .elementor-divider{display:flex}.elementor-widget-divider .elementor-divider__text{font-size:15px;line-height:1;max-width:95%}.elementor-widget-divider .elementor-divider__element{margin:0 var(--divider-element-spacing);flex-shrink:0}.elementor-widget-divider .elementor-icon{font-size:var(--divider-icon-size)}.elementor-widget-divider .elementor-divider-separator{display:flex;margin:0;direction:ltr}.elementor-widget-divider--view-line_icon .elementor-divider-separator,.elementor-widget-divider--view-line_text .elementor-divider-separator{align-items:center}.elementor-widget-divider--view-line_icon .elementor-divider-separator:after,.elementor-widget-divider--view-line_icon .elementor-divider-separator:before,.elementor-widget-divider--view-line_text .elementor-divider-separator:after,.elementor-widget-divider--view-line_text .elementor-divider-separator:before{display:block;content:\"\";border-bottom:0;flex-grow:1;border-top:var(--divider-border-width) var(--divider-border-style) var(--divider-color)}.elementor-widget-divider--element-align-left .elementor-divider .elementor-divider-separator>.elementor-divider__svg:first-of-type{flex-grow:0;flex-shrink:100}.elementor-widget-divider--element-align-left .elementor-divider-separator:before{content:none}.elementor-widget-divider--element-align-left .elementor-divider__element{margin-left:0}.elementor-widget-divider--element-align-right .elementor-divider .elementor-divider-separator>.elementor-divider__svg:last-of-type{flex-grow:0;flex-shrink:100}.elementor-widget-divider--element-align-right .elementor-divider-separator:after{content:none}.elementor-widget-divider--element-align-right .elementor-divider__element{margin-right:0}.elementor-widget-divider:not(.elementor-widget-divider--view-line_text):not(.elementor-widget-divider--view-line_icon) .elementor-divider-separator{border-top:var(--divider-border-width) var(--divider-border-style) var(--divider-color)}.elementor-widget-divider--separator-type-pattern{--divider-border-style:none}.elementor-widget-divider--separator-type-pattern.elementor-widget-divider--view-line .elementor-divider-separator,.elementor-widget-divider--separator-type-pattern:not(.elementor-widget-divider--view-line) .elementor-divider-separator:after,.elementor-widget-divider--separator-type-pattern:not(.elementor-widget-divider--view-line) .elementor-divider-separator:before,.elementor-widget-divider--separator-type-pattern:not([class*=elementor-widget-divider--view]) .elementor-divider-separator{width:100%;min-height:var(--divider-pattern-height);-webkit-mask-size:var(--divider-pattern-size) 100%;mask-size:var(--divider-pattern-size) 100%;-webkit-mask-repeat:var(--divider-pattern-repeat);mask-repeat:var(--divider-pattern-repeat);background-color:var(--divider-color);-webkit-mask-image:var(--divider-pattern-url);mask-image:var(--divider-pattern-url)}.elementor-widget-divider--no-spacing{--divider-pattern-size:auto}.elementor-widget-divider--bg-round{--divider-pattern-repeat:round}.rtl .elementor-widget-divider .elementor-divider__text{direction:rtl}.e-con-inner>.elementor-widget-divider,.e-con>.elementor-widget-divider{width:var(--container-widget-width,100%);--flex-grow:var(--container-widget-flex-grow)}<\/style>\t\t<div class=\"elementor-divider\">\n\t\t\t<span class=\"elementor-divider-separator\">\n\t\t\t\t\t\t<\/span>\n\t\t<\/div>\n\t\t\t\t<\/div>\n\t\t\t\t<\/div>\n\t\t\t\t<div class=\"elementor-element elementor-element-4147fbd elementor-widget elementor-widget-spacer\" data-id=\"4147fbd\" data-element_type=\"widget\" data-widget_type=\"spacer.default\">\n\t\t\t\t<div class=\"elementor-widget-container\">\n\t\t\t\t\t<div class=\"elementor-spacer\">\n\t\t\t<div class=\"elementor-spacer-inner\"><\/div>\n\t\t<\/div>\n\t\t\t\t<\/div>\n\t\t\t\t<\/div>\n\t\t\t\t<div class=\"elementor-element elementor-element-8d36e3e elementor-widget elementor-widget-spacer\" data-id=\"8d36e3e\" data-element_type=\"widget\" data-widget_type=\"spacer.default\">\n\t\t\t\t<div class=\"elementor-widget-container\">\n\t\t\t\t\t<div class=\"elementor-spacer\">\n\t\t\t<div class=\"elementor-spacer-inner\"><\/div>\n\t\t<\/div>\n\t\t\t\t<\/div>\n\t\t\t\t<\/div>\n\t\t\t\t\t<\/div>\n\t\t<\/div>\n\t\t\t\t\t\t\t<\/div>\n\t\t<\/section>\n\t\t\t\t<section class=\"elementor-section elementor-top-section elementor-element elementor-element-226d3376 elementor-section-boxed elementor-section-height-default elementor-section-height-default wpr-particle-no wpr-jarallax-no wpr-parallax-no wpr-sticky-section-no\" data-id=\"226d3376\" data-element_type=\"section\">\n\t\t\t\t\t\t<div class=\"elementor-container elementor-column-gap-default\">\n\t\t\t\t\t<div class=\"elementor-column elementor-col-50 elementor-top-column elementor-element elementor-element-1affe27e\" data-id=\"1affe27e\" data-element_type=\"column\">\n\t\t\t<div class=\"elementor-widget-wrap elementor-element-populated\">\n\t\t\t\t\t\t\t\t<div class=\"elementor-element elementor-element-71247227 elementor-widget elementor-widget-text-editor\" data-id=\"71247227\" data-element_type=\"widget\" data-widget_type=\"text-editor.default\">\n\t\t\t\t<div class=\"elementor-widget-container\">\n\t\t\t<style>\/*! elementor - v3.15.0 - 20-08-2023 *\/\n.elementor-widget-text-editor.elementor-drop-cap-view-stacked .elementor-drop-cap{background-color:#69727d;color:#fff}.elementor-widget-text-editor.elementor-drop-cap-view-framed .elementor-drop-cap{color:#69727d;border:3px solid;background-color:transparent}.elementor-widget-text-editor:not(.elementor-drop-cap-view-default) .elementor-drop-cap{margin-top:8px}.elementor-widget-text-editor:not(.elementor-drop-cap-view-default) .elementor-drop-cap-letter{width:1em;height:1em}.elementor-widget-text-editor .elementor-drop-cap{float:left;text-align:center;line-height:1;font-size:50px}.elementor-widget-text-editor .elementor-drop-cap-letter{display:inline-block}<\/style>\t\t\t\t<div class=\"flex flex-grow flex-col gap-3 max-w-full\"><div class=\"min-h-[20px] flex flex-col items-start gap-3 overflow-x-auto whitespace-pre-wrap break-words\"><div class=\"markdown prose w-full break-words dark:prose-invert dark\"><p>Le massage, dans ses multiples formes, est une pratique ancienne qui traverse les cultures, les continents et les civilisations. Depuis la nuit des temps, il a \u00e9t\u00e9 reconnu pour ses bienfaits th\u00e9rapeutiques, spirituels et relaxants.<\/p><p><strong>Origines lointaines<\/strong> : Les premi\u00e8res traces de massages remontent \u00e0 plus de 5000 ans, avec des r\u00e9f\u00e9rences dans des textes anciens chinois, \u00e9gyptiens et indiens. En Chine, par exemple, le c\u00e9l\u00e8bre &#8220;Huangdi Neijing&#8221; (Classique interne de l&#8217;Empereur Jaune) mentionne l&#8217;utilisation du massage en combinaison avec des herbes et des techniques d&#8217;acupuncture.<\/p><p><strong>Antiquit\u00e9<\/strong> : Dans les cultures grecque et romaine, le massage \u00e9tait une composante essentielle des bains publics, utilis\u00e9 pour la relaxation et la pr\u00e9paration des athl\u00e8tes pour les comp\u00e9titions. Hippocrate, souvent consid\u00e9r\u00e9 comme le &#8220;p\u00e8re de la m\u00e9decine&#8221;, a \u00e9crit sur les bienfaits du frottement et du frictionnement pour la circulation et la mobilit\u00e9 articulaire.<\/p><\/div><\/div><\/div>\t\t\t\t\t\t<\/div>\n\t\t\t\t<\/div>\n\t\t\t\t\t<\/div>\n\t\t<\/div>\n\t\t\t\t<div class=\"elementor-column elementor-col-50 elementor-top-column elementor-element elementor-element-a823870\" data-id=\"a823870\" data-element_type=\"column\">\n\t\t\t<div class=\"elementor-widget-wrap elementor-element-populated\">\n\t\t\t\t\t\t\t\t<div class=\"elementor-element elementor-element-5bccb5e1 elementor-widget elementor-widget-image\" data-id=\"5bccb5e1\" data-element_type=\"widget\" data-widget_type=\"image.default\">\n\t\t\t\t<div class=\"elementor-widget-container\">\n\t\t\t<style>\/*! elementor - v3.15.0 - 20-08-2023 *\/\n.elementor-widget-image{text-align:center}.elementor-widget-image a{display:inline-block}.elementor-widget-image a img[src$=\".svg\"]{width:48px}.elementor-widget-image img{vertical-align:middle;display:inline-block}<\/style>\t\t\t\t\t\t\t\t\t\t\t\t<img decoding=\"async\" loading=\"lazy\" width=\"462\" height=\"322\" src=\"https:\/\/la-fleur-de-lotus.fr\/wp-content\/uploads\/2023\/08\/8090da_ebbfda7f8c524fa4b477b96b8ab37fe7.webp\" class=\"attachment-2048x2048 size-2048x2048 wp-image-975\" alt=\"\" srcset=\"https:\/\/la-fleur-de-lotus.fr\/wp-content\/uploads\/2023\/08\/8090da_ebbfda7f8c524fa4b477b96b8ab37fe7.webp 462w, https:\/\/la-fleur-de-lotus.fr\/wp-content\/uploads\/2023\/08\/8090da_ebbfda7f8c524fa4b477b96b8ab37fe7-300x209.webp 300w\" sizes=\"(max-width: 462px) 100vw, 462px\" \/>\t\t\t\t\t\t\t\t\t\t\t\t\t\t\t<\/div>\n\t\t\t\t<\/div>\n\t\t\t\t\t<\/div>\n\t\t<\/div>\n\t\t\t\t\t\t\t<\/div>\n\t\t<\/section>\n\t\t\t\t<section class=\"elementor-section elementor-top-section elementor-element elementor-element-5bd213c elementor-section-boxed elementor-section-height-default elementor-section-height-default wpr-particle-no wpr-jarallax-no wpr-parallax-no wpr-sticky-section-no\" data-id=\"5bd213c\" data-element_type=\"section\">\n\t\t\t\t\t\t<div class=\"elementor-container elementor-column-gap-default\">\n\t\t\t\t\t<div class=\"elementor-column elementor-col-50 elementor-top-column elementor-element elementor-element-4430bcf\" data-id=\"4430bcf\" data-element_type=\"column\">\n\t\t\t<div class=\"elementor-widget-wrap elementor-element-populated\">\n\t\t\t\t\t\t\t\t<div class=\"elementor-element elementor-element-4c0e5e6 elementor-widget elementor-widget-image\" data-id=\"4c0e5e6\" data-element_type=\"widget\" data-widget_type=\"image.default\">\n\t\t\t\t<div class=\"elementor-widget-container\">\n\t\t\t\t\t\t\t\t\t\t\t\t\t\t\t<img decoding=\"async\" loading=\"lazy\" width=\"475\" height=\"344\" src=\"https:\/\/la-fleur-de-lotus.fr\/wp-content\/uploads\/2023\/08\/massage-grec.jpg\" class=\"attachment-full size-full wp-image-974\" alt=\"\" srcset=\"https:\/\/la-fleur-de-lotus.fr\/wp-content\/uploads\/2023\/08\/massage-grec.jpg 475w, https:\/\/la-fleur-de-lotus.fr\/wp-content\/uploads\/2023\/08\/massage-grec-300x217.jpg 300w\" sizes=\"(max-width: 475px) 100vw, 475px\" \/>\t\t\t\t\t\t\t\t\t\t\t\t\t\t\t<\/div>\n\t\t\t\t<\/div>\n\t\t\t\t\t<\/div>\n\t\t<\/div>\n\t\t\t\t<div class=\"elementor-column elementor-col-50 elementor-top-column elementor-element elementor-element-bae2cf1\" data-id=\"bae2cf1\" data-element_type=\"column\">\n\t\t\t<div class=\"elementor-widget-wrap elementor-element-populated\">\n\t\t\t\t\t\t\t\t<div class=\"elementor-element elementor-element-76eec4f elementor-widget elementor-widget-text-editor\" data-id=\"76eec4f\" data-element_type=\"widget\" data-widget_type=\"text-editor.default\">\n\t\t\t\t<div class=\"elementor-widget-container\">\n\t\t\t\t\t\t\t<div class=\"flex flex-grow flex-col gap-3 max-w-full\"><div class=\"min-h-[20px] flex flex-col items-start gap-3 overflow-x-auto whitespace-pre-wrap break-words\"><div class=\"markdown prose w-full break-words dark:prose-invert dark\"><p><strong>Moyen \u00c2ge et Renaissance<\/strong> : Alors que l&#8217;Europe voyait un d\u00e9clin de la pratique du massage apr\u00e8s la chute de l&#8217;Empire romain, elle perdura au Moyen-Orient et en Asie. Ce n&#8217;est qu&#8217;\u00e0 la Renaissance que l&#8217;int\u00e9r\u00eat pour le massage rena\u00eet en Europe, notamment gr\u00e2ce aux traductions d&#8217;anciens textes grecs et arabes.<\/p><p><strong>\u00c9poque moderne<\/strong> : Avec l&#8217;av\u00e8nement de la m\u00e9decine moderne au 19\u00e8me si\u00e8cle, le massage a commenc\u00e9 \u00e0 \u00eatre int\u00e9gr\u00e9 comme une forme de th\u00e9rapie physique. Aujourd&#8217;hui, il est reconnu et pratiqu\u00e9 dans le monde entier, avec une multitude de techniques allant des m\u00e9thodes traditionnelles aux approches contemporaines.<\/p><\/div><p>Le massage, dans son essence, est un t\u00e9moignage de la compr\u00e9hension intemporelle de l&#8217;humanit\u00e9 de l&#8217;importance du toucher. Il est le reflet de notre besoin inn\u00e9 de connexion, de gu\u00e9rison et de bien-\u00eatre.<\/p><\/div><\/div>\t\t\t\t\t\t<\/div>\n\t\t\t\t<\/div>\n\t\t\t\t\t<\/div>\n\t\t<\/div>\n\t\t\t\t\t\t\t<\/div>\n\t\t<\/section>\n\t\t\t\t\t\t\t<\/div>\n\t\t","protected":false},"excerpt":{"rendered":"<p>Histoire du Massage Le massage, dans ses multiples formes, est une pratique ancienne qui traverse les cultures, les continents et les civilisations. Depuis la nuit des temps, il a \u00e9t\u00e9 reconnu pour ses bienfaits th\u00e9rapeutiques, spirituels et relaxants. Origines lointaines : Les premi\u00e8res traces de massages remontent \u00e0 plus de 5000 ans, avec des r\u00e9f\u00e9rences [&hellip;]<\/p>\n","protected":false},"author":1,"featured_media":0,"parent":0,"menu_order":0,"comment_status":"closed","ping_status":"closed","template":"elementor_header_footer","meta":{"om_disable_all_campaigns":false,"_monsterinsights_skip_tracking":false,"_monsterinsights_sitenote_active":false,"_monsterinsights_sitenote_note":"","_monsterinsights_sitenote_category":0,"footnotes":""},"aioseo_notices":[],"yoast_head":"<!-- This site is optimized with the Yoast SEO plugin v21.2 - https:\/\/yoast.com\/wordpress\/plugins\/seo\/ -->\n<title>Histoire du massage | La Fleur de Lotus<\/title>\n<meta name=\"robots\" content=\"index, follow, max-snippet:-1, max-image-preview:large, max-video-preview:-1\" \/>\n<link rel=\"canonical\" href=\"https:\/\/la-fleur-de-lotus.fr\/?page_id=362\" \/>\n<meta property=\"og:locale\" content=\"en_US\" \/>\n<meta property=\"og:type\" content=\"article\" \/>\n<meta property=\"og:title\" content=\"Histoire du massage | La Fleur de Lotus\" \/>\n<meta property=\"og:description\" content=\"Histoire du Massage Le massage, dans ses multiples formes, est une pratique ancienne qui traverse les cultures, les continents et les civilisations. Depuis la nuit des temps, il a \u00e9t\u00e9 reconnu pour ses bienfaits th\u00e9rapeutiques, spirituels et relaxants. Origines lointaines : Les premi\u00e8res traces de massages remontent \u00e0 plus de 5000 ans, avec des r\u00e9f\u00e9rences [&hellip;]\" \/>\n<meta property=\"og:url\" content=\"https:\/\/la-fleur-de-lotus.fr\/?page_id=362\" \/>\n<meta property=\"og:site_name\" content=\"La Fleur de Lotus\" \/>\n<meta property=\"article:publisher\" content=\"https:\/\/www.facebook.com\/lafleurdelotus83\/\" \/>\n<meta property=\"article:modified_time\" content=\"2023-08-25T15:52:28+00:00\" \/>\n<meta property=\"og:image\" content=\"http:\/\/la-fleur-de-lotus.fr\/wp-content\/uploads\/2023\/08\/8090da_ebbfda7f8c524fa4b477b96b8ab37fe7.webp\" \/>\n<meta name=\"twitter:card\" content=\"summary_large_image\" \/>\n<meta name=\"twitter:label1\" content=\"Est. reading time\" \/>\n\t<meta name=\"twitter:data1\" content=\"1 minute\" \/>\n<script type=\"application\/ld+json\" class=\"yoast-schema-graph\">{\"@context\":\"https:\/\/schema.org\",\"@graph\":[{\"@type\":\"WebPage\",\"@id\":\"https:\/\/la-fleur-de-lotus.fr\/?page_id=362\",\"url\":\"https:\/\/la-fleur-de-lotus.fr\/?page_id=362\",\"name\":\"Histoire du massage | La Fleur de Lotus\",\"isPartOf\":{\"@id\":\"https:\/\/la-fleur-de-lotus.fr\/#website\"},\"datePublished\":\"2023-08-23T19:49:15+00:00\",\"dateModified\":\"2023-08-25T15:52:28+00:00\",\"breadcrumb\":{\"@id\":\"https:\/\/la-fleur-de-lotus.fr\/?page_id=362#breadcrumb\"},\"inLanguage\":\"en-US\",\"potentialAction\":[{\"@type\":\"ReadAction\",\"target\":[\"https:\/\/la-fleur-de-lotus.fr\/?page_id=362\"]}]},{\"@type\":\"BreadcrumbList\",\"@id\":\"https:\/\/la-fleur-de-lotus.fr\/?page_id=362#breadcrumb\",\"itemListElement\":[{\"@type\":\"ListItem\",\"position\":1,\"name\":\"Accueil\",\"item\":\"https:\/\/la-fleur-de-lotus.fr\/\"},{\"@type\":\"ListItem\",\"position\":2,\"name\":\"Histoire du massage\"}]},{\"@type\":\"WebSite\",\"@id\":\"https:\/\/la-fleur-de-lotus.fr\/#website\",\"url\":\"https:\/\/la-fleur-de-lotus.fr\/\",\"name\":\"La Fleur de Lotus\",\"description\":\"Praticien massage bien-\u00eatre sp\u00e9cialis\u00e9 en shiatsu et m\u00e9thode traditionnelles chinoises\",\"publisher\":{\"@id\":\"https:\/\/la-fleur-de-lotus.fr\/#organization\"},\"alternateName\":\"La Fleur de Lotus\",\"potentialAction\":[{\"@type\":\"SearchAction\",\"target\":{\"@type\":\"EntryPoint\",\"urlTemplate\":\"https:\/\/la-fleur-de-lotus.fr\/?s={search_term_string}\"},\"query-input\":\"required name=search_term_string\"}],\"inLanguage\":\"en-US\"},{\"@type\":\"Organization\",\"@id\":\"https:\/\/la-fleur-de-lotus.fr\/#organization\",\"name\":\"La Fleur de Lotus\",\"url\":\"https:\/\/la-fleur-de-lotus.fr\/\",\"logo\":{\"@type\":\"ImageObject\",\"inLanguage\":\"en-US\",\"@id\":\"https:\/\/la-fleur-de-lotus.fr\/#\/schema\/logo\/image\/\",\"url\":\"https:\/\/la-fleur-de-lotus.fr\/wp-content\/uploads\/2023\/07\/Logo-FleSSur-de-Lotus.png\",\"contentUrl\":\"https:\/\/la-fleur-de-lotus.fr\/wp-content\/uploads\/2023\/07\/Logo-FleSSur-de-Lotus.png\",\"width\":1000,\"height\":1000,\"caption\":\"La Fleur de Lotus\"},\"image\":{\"@id\":\"https:\/\/la-fleur-de-lotus.fr\/#\/schema\/logo\/image\/\"},\"sameAs\":[\"https:\/\/www.facebook.com\/lafleurdelotus83\/\"]}]}<\/script>\n<!-- \/ Yoast SEO plugin. -->","yoast_head_json":{"title":"Histoire du massage | La Fleur de Lotus","robots":{"index":"index","follow":"follow","max-snippet":"max-snippet:-1","max-image-preview":"max-image-preview:large","max-video-preview":"max-video-preview:-1"},"canonical":"https:\/\/la-fleur-de-lotus.fr\/?page_id=362","og_locale":"en_US","og_type":"article","og_title":"Histoire du massage | La Fleur de Lotus","og_description":"Histoire du Massage Le massage, dans ses multiples formes, est une pratique ancienne qui traverse les cultures, les continents et les civilisations. Depuis la nuit des temps, il a \u00e9t\u00e9 reconnu pour ses bienfaits th\u00e9rapeutiques, spirituels et relaxants. Origines lointaines : Les premi\u00e8res traces de massages remontent \u00e0 plus de 5000 ans, avec des r\u00e9f\u00e9rences [&hellip;]","og_url":"https:\/\/la-fleur-de-lotus.fr\/?page_id=362","og_site_name":"La Fleur de Lotus","article_publisher":"https:\/\/www.facebook.com\/lafleurdelotus83\/","article_modified_time":"2023-08-25T15:52:28+00:00","og_image":[{"url":"http:\/\/la-fleur-de-lotus.fr\/wp-content\/uploads\/2023\/08\/8090da_ebbfda7f8c524fa4b477b96b8ab37fe7.webp"}],"twitter_card":"summary_large_image","twitter_misc":{"Est. reading time":"1 minute"},"schema":{"@context":"https:\/\/schema.org","@graph":[{"@type":"WebPage","@id":"https:\/\/la-fleur-de-lotus.fr\/?page_id=362","url":"https:\/\/la-fleur-de-lotus.fr\/?page_id=362","name":"Histoire du massage | La Fleur de Lotus","isPartOf":{"@id":"https:\/\/la-fleur-de-lotus.fr\/#website"},"datePublished":"2023-08-23T19:49:15+00:00","dateModified":"2023-08-25T15:52:28+00:00","breadcrumb":{"@id":"https:\/\/la-fleur-de-lotus.fr\/?page_id=362#breadcrumb"},"inLanguage":"en-US","potentialAction":[{"@type":"ReadAction","target":["https:\/\/la-fleur-de-lotus.fr\/?page_id=362"]}]},{"@type":"BreadcrumbList","@id":"https:\/\/la-fleur-de-lotus.fr\/?page_id=362#breadcrumb","itemListElement":[{"@type":"ListItem","position":1,"name":"Accueil","item":"https:\/\/la-fleur-de-lotus.fr\/"},{"@type":"ListItem","position":2,"name":"Histoire du massage"}]},{"@type":"WebSite","@id":"https:\/\/la-fleur-de-lotus.fr\/#website","url":"https:\/\/la-fleur-de-lotus.fr\/","name":"La Fleur de Lotus","description":"Praticien massage bien-\u00eatre sp\u00e9cialis\u00e9 en shiatsu et m\u00e9thode traditionnelles chinoises","publisher":{"@id":"https:\/\/la-fleur-de-lotus.fr\/#organization"},"alternateName":"La Fleur de Lotus","potentialAction":[{"@type":"SearchAction","target":{"@type":"EntryPoint","urlTemplate":"https:\/\/la-fleur-de-lotus.fr\/?s={search_term_string}"},"query-input":"required name=search_term_string"}],"inLanguage":"en-US"},{"@type":"Organization","@id":"https:\/\/la-fleur-de-lotus.fr\/#organization","name":"La Fleur de Lotus","url":"https:\/\/la-fleur-de-lotus.fr\/","logo":{"@type":"ImageObject","inLanguage":"en-US","@id":"https:\/\/la-fleur-de-lotus.fr\/#\/schema\/logo\/image\/","url":"https:\/\/la-fleur-de-lotus.fr\/wp-content\/uploads\/2023\/07\/Logo-FleSSur-de-Lotus.png","contentUrl":"https:\/\/la-fleur-de-lotus.fr\/wp-content\/uploads\/2023\/07\/Logo-FleSSur-de-Lotus.png","width":1000,"height":1000,"caption":"La Fleur de Lotus"},"image":{"@id":"https:\/\/la-fleur-de-lotus.fr\/#\/schema\/logo\/image\/"},"sameAs":["https:\/\/www.facebook.com\/lafleurdelotus83\/"]}]}},"_links":{"self":[{"href":"https:\/\/la-fleur-de-lotus.fr\/index.php?rest_route=\/wp\/v2\/pages\/362"}],"collection":[{"href":"https:\/\/la-fleur-de-lotus.fr\/index.php?rest_route=\/wp\/v2\/pages"}],"about":[{"href":"https:\/\/la-fleur-de-lotus.fr\/index.php?rest_route=\/wp\/v2\/types\/page"}],"author":[{"embeddable":true,"href":"https:\/\/la-fleur-de-lotus.fr\/index.php?rest_route=\/wp\/v2\/users\/1"}],"replies":[{"embeddable":true,"href":"https:\/\/la-fleur-de-lotus.fr\/index.php?rest_route=%2Fwp%2Fv2%2Fcomments&post=362"}],"version-history":[{"count":22,"href":"https:\/\/la-fleur-de-lotus.fr\/index.php?rest_route=\/wp\/v2\/pages\/362\/revisions"}],"predecessor-version":[{"id":990,"href":"https:\/\/la-fleur-de-lotus.fr\/index.php?rest_route=\/wp\/v2\/pages\/362\/revisions\/990"}],"wp:attachment":[{"href":"https:\/\/la-fleur-de-lotus.fr\/index.php?rest_route=%2Fwp%2Fv2%2Fmedia&parent=362"}],"curies":[{"name":"wp","href":"https:\/\/api.w.org\/{rel}","templated":true}]}}