{"id":2,"date":"2023-07-21T20:34:47","date_gmt":"2023-07-21T18:34:47","guid":{"rendered":"http:\/\/la-fleur-de-lotus.fr\/?page_id=2"},"modified":"2023-09-16T19:13:28","modified_gmt":"2023-09-16T17:13:28","slug":"page-d-exemple","status":"publish","type":"page","link":"https:\/\/la-fleur-de-lotus.fr\/?page_id=2","title":{"rendered":"Page d\u2019exemple"},"content":{"rendered":"\t\t<div data-elementor-type=\"wp-page\" data-elementor-id=\"2\" class=\"elementor elementor-2\">\n\t\t\t\t\t\t\t\t\t<section class=\"elementor-section elementor-top-section elementor-element elementor-element-87289f0 elementor-section-height-min-height elementor-section-boxed elementor-section-height-default elementor-section-items-middle wpr-particle-no wpr-jarallax-no wpr-parallax-no wpr-sticky-section-no\" data-id=\"87289f0\" data-element_type=\"section\" data-settings=\"{&quot;background_background&quot;:&quot;slideshow&quot;,&quot;background_slideshow_gallery&quot;:[{&quot;id&quot;:1561,&quot;url&quot;:&quot;http:\\\/\\\/la-fleur-de-lotus.fr\\\/wp-content\\\/uploads\\\/2023\\\/09\\\/ass.png&quot;}],&quot;background_slideshow_slide_transition&quot;:&quot;slide_left&quot;,&quot;shape_divider_bottom&quot;:&quot;opacity-tilt&quot;,&quot;background_slideshow_loop&quot;:&quot;yes&quot;,&quot;background_slideshow_slide_duration&quot;:5000,&quot;background_slideshow_transition_duration&quot;:500}\">\n\t\t\t\t\t\t\t<div class=\"elementor-background-overlay\"><\/div>\n\t\t\t\t\t\t<div class=\"elementor-shape elementor-shape-bottom\" data-negative=\"false\">\n\t\t\t<svg xmlns=\"http:\/\/www.w3.org\/2000\/svg\" viewBox=\"0 0 2600 131.1\" preserveAspectRatio=\"none\">\n\t<path class=\"elementor-shape-fill\" d=\"M0 0L2600 0 2600 69.1 0 0z\"\/>\n\t<path class=\"elementor-shape-fill\" style=\"opacity:0.5\" d=\"M0 0L2600 0 2600 69.1 0 69.1z\"\/>\n\t<path class=\"elementor-shape-fill\" style=\"opacity:0.25\" d=\"M2600 0L0 0 0 130.1 2600 69.1z\"\/>\n<\/svg>\t\t<\/div>\n\t\t\t\t\t<div class=\"elementor-container elementor-column-gap-default\">\n\t\t\t\t\t<div class=\"elementor-column elementor-col-100 elementor-top-column elementor-element elementor-element-2008375\" data-id=\"2008375\" data-element_type=\"column\">\n\t\t\t<div class=\"elementor-widget-wrap elementor-element-populated\">\n\t\t\t\t\t\t\t\t<div class=\"elementor-element elementor-element-10753b9 elementor-widget elementor-widget-spacer\" data-id=\"10753b9\" data-element_type=\"widget\" data-widget_type=\"spacer.default\">\n\t\t\t\t<div class=\"elementor-widget-container\">\n\t\t\t<style>\/*! elementor - v3.15.0 - 20-08-2023 *\/\n.elementor-column .elementor-spacer-inner{height:var(--spacer-size)}.e-con{--container-widget-width:100%}.e-con-inner>.elementor-widget-spacer,.e-con>.elementor-widget-spacer{width:var(--container-widget-width,var(--spacer-size));--align-self:var(--container-widget-align-self,initial);--flex-shrink:0}.e-con-inner>.elementor-widget-spacer>.elementor-widget-container,.e-con-inner>.elementor-widget-spacer>.elementor-widget-container>.elementor-spacer,.e-con>.elementor-widget-spacer>.elementor-widget-container,.e-con>.elementor-widget-spacer>.elementor-widget-container>.elementor-spacer{height:100%}.e-con-inner>.elementor-widget-spacer>.elementor-widget-container>.elementor-spacer>.elementor-spacer-inner,.e-con>.elementor-widget-spacer>.elementor-widget-container>.elementor-spacer>.elementor-spacer-inner{height:var(--container-widget-height,var(--spacer-size))}<\/style>\t\t<div class=\"elementor-spacer\">\n\t\t\t<div class=\"elementor-spacer-inner\"><\/div>\n\t\t<\/div>\n\t\t\t\t<\/div>\n\t\t\t\t<\/div>\n\t\t\t\t<div class=\"elementor-element elementor-element-48ab288 elementor-widget elementor-widget-heading\" data-id=\"48ab288\" data-element_type=\"widget\" data-widget_type=\"heading.default\">\n\t\t\t\t<div class=\"elementor-widget-container\">\n\t\t\t<style>\/*! elementor - v3.15.0 - 20-08-2023 *\/\n.elementor-heading-title{padding:0;margin:0;line-height:1}.elementor-widget-heading .elementor-heading-title[class*=elementor-size-]>a{color:inherit;font-size:inherit;line-height:inherit}.elementor-widget-heading .elementor-heading-title.elementor-size-small{font-size:15px}.elementor-widget-heading .elementor-heading-title.elementor-size-medium{font-size:19px}.elementor-widget-heading .elementor-heading-title.elementor-size-large{font-size:29px}.elementor-widget-heading .elementor-heading-title.elementor-size-xl{font-size:39px}.elementor-widget-heading .elementor-heading-title.elementor-size-xxl{font-size:59px}<\/style><h1 class=\"elementor-heading-title elementor-size-default\">L'Art du Massage selon OSHO<\/h1>\t\t<\/div>\n\t\t\t\t<\/div>\n\t\t\t\t<div class=\"elementor-element elementor-element-fc3c74f elementor-widget-divider--view-line elementor-widget elementor-widget-divider\" data-id=\"fc3c74f\" data-element_type=\"widget\" data-widget_type=\"divider.default\">\n\t\t\t\t<div class=\"elementor-widget-container\">\n\t\t\t<style>\/*! elementor - v3.15.0 - 20-08-2023 *\/\n.elementor-widget-divider{--divider-border-style:none;--divider-border-width:1px;--divider-color:#0c0d0e;--divider-icon-size:20px;--divider-element-spacing:10px;--divider-pattern-height:24px;--divider-pattern-size:20px;--divider-pattern-url:none;--divider-pattern-repeat:repeat-x}.elementor-widget-divider .elementor-divider{display:flex}.elementor-widget-divider .elementor-divider__text{font-size:15px;line-height:1;max-width:95%}.elementor-widget-divider .elementor-divider__element{margin:0 var(--divider-element-spacing);flex-shrink:0}.elementor-widget-divider .elementor-icon{font-size:var(--divider-icon-size)}.elementor-widget-divider .elementor-divider-separator{display:flex;margin:0;direction:ltr}.elementor-widget-divider--view-line_icon .elementor-divider-separator,.elementor-widget-divider--view-line_text .elementor-divider-separator{align-items:center}.elementor-widget-divider--view-line_icon .elementor-divider-separator:after,.elementor-widget-divider--view-line_icon .elementor-divider-separator:before,.elementor-widget-divider--view-line_text .elementor-divider-separator:after,.elementor-widget-divider--view-line_text .elementor-divider-separator:before{display:block;content:\"\";border-bottom:0;flex-grow:1;border-top:var(--divider-border-width) var(--divider-border-style) var(--divider-color)}.elementor-widget-divider--element-align-left .elementor-divider .elementor-divider-separator>.elementor-divider__svg:first-of-type{flex-grow:0;flex-shrink:100}.elementor-widget-divider--element-align-left .elementor-divider-separator:before{content:none}.elementor-widget-divider--element-align-left .elementor-divider__element{margin-left:0}.elementor-widget-divider--element-align-right .elementor-divider .elementor-divider-separator>.elementor-divider__svg:last-of-type{flex-grow:0;flex-shrink:100}.elementor-widget-divider--element-align-right .elementor-divider-separator:after{content:none}.elementor-widget-divider--element-align-right .elementor-divider__element{margin-right:0}.elementor-widget-divider:not(.elementor-widget-divider--view-line_text):not(.elementor-widget-divider--view-line_icon) .elementor-divider-separator{border-top:var(--divider-border-width) var(--divider-border-style) var(--divider-color)}.elementor-widget-divider--separator-type-pattern{--divider-border-style:none}.elementor-widget-divider--separator-type-pattern.elementor-widget-divider--view-line .elementor-divider-separator,.elementor-widget-divider--separator-type-pattern:not(.elementor-widget-divider--view-line) .elementor-divider-separator:after,.elementor-widget-divider--separator-type-pattern:not(.elementor-widget-divider--view-line) .elementor-divider-separator:before,.elementor-widget-divider--separator-type-pattern:not([class*=elementor-widget-divider--view]) .elementor-divider-separator{width:100%;min-height:var(--divider-pattern-height);-webkit-mask-size:var(--divider-pattern-size) 100%;mask-size:var(--divider-pattern-size) 100%;-webkit-mask-repeat:var(--divider-pattern-repeat);mask-repeat:var(--divider-pattern-repeat);background-color:var(--divider-color);-webkit-mask-image:var(--divider-pattern-url);mask-image:var(--divider-pattern-url)}.elementor-widget-divider--no-spacing{--divider-pattern-size:auto}.elementor-widget-divider--bg-round{--divider-pattern-repeat:round}.rtl .elementor-widget-divider .elementor-divider__text{direction:rtl}.e-con-inner>.elementor-widget-divider,.e-con>.elementor-widget-divider{width:var(--container-widget-width,100%);--flex-grow:var(--container-widget-flex-grow)}<\/style>\t\t<div class=\"elementor-divider\">\n\t\t\t<span class=\"elementor-divider-separator\">\n\t\t\t\t\t\t<\/span>\n\t\t<\/div>\n\t\t\t\t<\/div>\n\t\t\t\t<\/div>\n\t\t\t\t<div class=\"elementor-element elementor-element-74b9a27 elementor-widget elementor-widget-spacer\" data-id=\"74b9a27\" data-element_type=\"widget\" data-widget_type=\"spacer.default\">\n\t\t\t\t<div class=\"elementor-widget-container\">\n\t\t\t\t\t<div class=\"elementor-spacer\">\n\t\t\t<div class=\"elementor-spacer-inner\"><\/div>\n\t\t<\/div>\n\t\t\t\t<\/div>\n\t\t\t\t<\/div>\n\t\t\t\t<div class=\"elementor-element elementor-element-f511183 elementor-widget elementor-widget-spacer\" data-id=\"f511183\" data-element_type=\"widget\" data-widget_type=\"spacer.default\">\n\t\t\t\t<div class=\"elementor-widget-container\">\n\t\t\t\t\t<div class=\"elementor-spacer\">\n\t\t\t<div class=\"elementor-spacer-inner\"><\/div>\n\t\t<\/div>\n\t\t\t\t<\/div>\n\t\t\t\t<\/div>\n\t\t\t\t\t<\/div>\n\t\t<\/div>\n\t\t\t\t\t\t\t<\/div>\n\t\t<\/section>\n\t\t<div class=\"elementor-element elementor-element-8961729 e-flex e-con-boxed wpr-particle-no wpr-jarallax-no wpr-parallax-no wpr-sticky-section-no e-con\" data-id=\"8961729\" data-element_type=\"container\" data-settings=\"{&quot;content_width&quot;:&quot;boxed&quot;}\">\n\t\t\t\t\t<div class=\"e-con-inner\">\n\t\t\t\t<div class=\"elementor-element elementor-element-34c5a09 elementor-widget elementor-widget-spacer\" data-id=\"34c5a09\" data-element_type=\"widget\" data-widget_type=\"spacer.default\">\n\t\t\t\t<div class=\"elementor-widget-container\">\n\t\t\t\t\t<div class=\"elementor-spacer\">\n\t\t\t<div class=\"elementor-spacer-inner\"><\/div>\n\t\t<\/div>\n\t\t\t\t<\/div>\n\t\t\t\t<\/div>\n\t\t\t\t<div class=\"elementor-element elementor-element-c5082e6 elementor-widget-divider--view-line_icon elementor-view-default elementor-widget-divider--element-align-center elementor-widget elementor-widget-divider\" data-id=\"c5082e6\" data-element_type=\"widget\" data-widget_type=\"divider.default\">\n\t\t\t\t<div class=\"elementor-widget-container\">\n\t\t\t\t\t<div class=\"elementor-divider\">\n\t\t\t<span class=\"elementor-divider-separator\">\n\t\t\t\t\t\t\t<div class=\"elementor-icon elementor-divider__element\">\n\t\t\t\t\t<i aria-hidden=\"true\" class=\"icon icon-flower\"><\/i><\/div>\n\t\t\t\t\t\t<\/span>\n\t\t<\/div>\n\t\t\t\t<\/div>\n\t\t\t\t<\/div>\n\t\t\t\t<div class=\"elementor-element elementor-element-054d05c elementor-widget elementor-widget-text-editor\" data-id=\"054d05c\" data-element_type=\"widget\" data-widget_type=\"text-editor.default\">\n\t\t\t\t<div class=\"elementor-widget-container\">\n\t\t\t<style>\/*! elementor - v3.15.0 - 20-08-2023 *\/\n.elementor-widget-text-editor.elementor-drop-cap-view-stacked .elementor-drop-cap{background-color:#69727d;color:#fff}.elementor-widget-text-editor.elementor-drop-cap-view-framed .elementor-drop-cap{color:#69727d;border:3px solid;background-color:transparent}.elementor-widget-text-editor:not(.elementor-drop-cap-view-default) .elementor-drop-cap{margin-top:8px}.elementor-widget-text-editor:not(.elementor-drop-cap-view-default) .elementor-drop-cap-letter{width:1em;height:1em}.elementor-widget-text-editor .elementor-drop-cap{float:left;text-align:center;line-height:1;font-size:50px}.elementor-widget-text-editor .elementor-drop-cap-letter{display:inline-block}<\/style>\t\t\t\t<p style=\"text-align: center;\"><strong><em>Le massage, c&#8217;est quelque chose qu&#8217;on commence,<\/em><\/strong><\/p><p style=\"text-align: center;\"><strong><em>Mais qu&#8217;on ne finit jamais, qui continue ind\u00e9finiment,<\/em><\/strong><\/p><p style=\"text-align: center;\"><strong><em>Et qui devient progressivement plus profond et plus \u00e9lev\u00e9.<\/em><\/strong><\/p><p style=\"text-align: center;\"><strong><em>Le massage, c&#8217;est un art subtil.<\/em><\/strong><\/p><p style=\"text-align: center;\"><strong><em>Il ne s&#8217;agit pas seulement d&#8217;adresse, il s&#8217;agit plut\u00f4t d&#8217;amour.<\/em><\/strong><\/p><p style=\"text-align: center;\"><strong><em>D&#8217;abord tu apprends la technique et ensuite tu l&#8217;oublies.<\/em><\/strong><\/p><p style=\"text-align: center;\"><strong><em>Tu ressens et tu cr\u00e9es des mouvements d&#8217;apr\u00e8s tes sentiments.<\/em><\/strong><\/p><p style=\"text-align: center;\"><strong><em>Quand tu apprends profond\u00e9ment le massage,<\/em><\/strong><\/p><p style=\"text-align: center;\"><strong><em>90% du travail se fait par l&#8217;amour,<\/em><\/strong><\/p><p style=\"text-align: center;\"><strong><em>10% par la technique.<\/em><\/strong><\/p><p style=\"text-align: center;\"><strong><em>Il ne faut que le toucher, le toucher d&#8217;amour,<\/em><\/strong><\/p><p style=\"text-align: center;\"><strong><em>Et le corps se d\u00e9contracte<\/em><i>\u2026<\/i><\/strong><\/p><p style=\"text-align: center;\"><strong><em>Si tu sens l&#8217;amour et la compassion pour le mass\u00e9,<\/em><\/strong><\/p><p style=\"text-align: center;\"><strong><em>Si tu le regardes comme \u00e9nergie de valeur inestimable,<\/em><\/strong><\/p><p style=\"text-align: center;\"><strong><em>Si tu es reconnaissant de sa confiance en toi et du fait qu&#8217;il te laisse jouer de son \u00e9nergie,<\/em><\/strong><\/p><p style=\"text-align: center;\"><strong><em>Alors, de plus en plus, tu auras l&#8217;impression de jouer de l&#8217;orgue,<\/em><\/strong><\/p><p style=\"text-align: center;\"><strong><em>Et tu ressentira la cr\u00e9ation d&#8217;une harmonie en toi.<\/em><\/strong><\/p><p style=\"text-align: center;\"><strong><em>Non seulement le mass\u00e9, mais toi aussi, tu seras soulag\u00e9.<\/em><\/strong><\/p><p style=\"text-align: center;\"><strong><em>En massant, masse seulement, ne pense \u00e0 rien d&#8217;autre,<\/em><\/strong><\/p><p style=\"text-align: center;\"><strong><em>Entre tes doigts, dans tes mains, comme si ton existence y entrait.<\/em><\/strong><\/p><p style=\"text-align: center;\"><strong><em>Ne sois pas satisfait d&#8217;un toucher physique.<\/em><\/strong><\/p><p style=\"text-align: center;\"><strong><em>Ton \u00e2me p\u00e9n\u00e8tre dans le corps de l&#8217;autre.<\/em><\/strong><\/p><p style=\"text-align: center;\"><strong><em>Et les complexes les plus difficiles se d\u00e9contractent.<\/em><\/strong><\/p><p style=\"text-align: center;\"><strong><em>Fais en un plaisir, n&#8217;y travaille pas.<\/em><\/strong><\/p><p style=\"text-align: center;\"><strong><em>Fais en un jeu, et amuse-toi bien.&#8221;<\/em><\/strong><\/p>\t\t\t\t\t\t<\/div>\n\t\t\t\t<\/div>\n\t\t\t\t\t<\/div>\n\t\t\t\t<\/div>\n\t\t<div class=\"elementor-element elementor-element-f6decf7 e-flex e-con-boxed wpr-particle-no wpr-jarallax-no wpr-parallax-no wpr-sticky-section-no e-con\" data-id=\"f6decf7\" data-element_type=\"container\" data-settings=\"{&quot;content_width&quot;:&quot;boxed&quot;}\">\n\t\t\t\t\t<div class=\"e-con-inner\">\n\t\t\t\t<div class=\"elementor-element elementor-element-cbf10ef elementor-widget-divider--view-line_icon elementor-view-default elementor-widget-divider--element-align-center elementor-widget elementor-widget-divider\" data-id=\"cbf10ef\" data-element_type=\"widget\" data-widget_type=\"divider.default\">\n\t\t\t\t<div class=\"elementor-widget-container\">\n\t\t\t\t\t<div class=\"elementor-divider\">\n\t\t\t<span class=\"elementor-divider-separator\">\n\t\t\t\t\t\t\t<div class=\"elementor-icon elementor-divider__element\">\n\t\t\t\t\t<i aria-hidden=\"true\" class=\"icon icon-flower\"><\/i><\/div>\n\t\t\t\t\t\t<\/span>\n\t\t<\/div>\n\t\t\t\t<\/div>\n\t\t\t\t<\/div>\n\t\t\t\t<div class=\"elementor-element elementor-element-a2bc411 elementor-widget elementor-widget-spacer\" data-id=\"a2bc411\" data-element_type=\"widget\" data-widget_type=\"spacer.default\">\n\t\t\t\t<div class=\"elementor-widget-container\">\n\t\t\t\t\t<div class=\"elementor-spacer\">\n\t\t\t<div class=\"elementor-spacer-inner\"><\/div>\n\t\t<\/div>\n\t\t\t\t<\/div>\n\t\t\t\t<\/div>\n\t\t\t\t\t<\/div>\n\t\t\t\t<\/div>\n\t\t<div class=\"elementor-element elementor-element-88d6105 e-con-full e-flex wpr-particle-no wpr-jarallax-no wpr-parallax-no wpr-sticky-section-no e-con\" data-id=\"88d6105\" data-element_type=\"container\" data-settings=\"{&quot;content_width&quot;:&quot;full&quot;}\">\n\t\t\t\t<div class=\"elementor-element elementor-element-9dbe3ba elementor-widget elementor-widget-image\" data-id=\"9dbe3ba\" data-element_type=\"widget\" data-widget_type=\"image.default\">\n\t\t\t\t<div class=\"elementor-widget-container\">\n\t\t\t<style>\/*! elementor - v3.15.0 - 20-08-2023 *\/\n.elementor-widget-image{text-align:center}.elementor-widget-image a{display:inline-block}.elementor-widget-image a img[src$=\".svg\"]{width:48px}.elementor-widget-image img{vertical-align:middle;display:inline-block}<\/style>\t\t\t\t\t\t\t\t\t\t\t\t<img decoding=\"async\" loading=\"lazy\" width=\"800\" height=\"402\" src=\"https:\/\/la-fleur-de-lotus.fr\/wp-content\/uploads\/2023\/09\/Sans-titre-1-1024x514.png\" class=\"attachment-large size-large wp-image-1552\" alt=\"\" srcset=\"https:\/\/la-fleur-de-lotus.fr\/wp-content\/uploads\/2023\/09\/Sans-titre-1-1024x514.png 1024w, https:\/\/la-fleur-de-lotus.fr\/wp-content\/uploads\/2023\/09\/Sans-titre-1-300x151.png 300w, https:\/\/la-fleur-de-lotus.fr\/wp-content\/uploads\/2023\/09\/Sans-titre-1-768x385.png 768w, https:\/\/la-fleur-de-lotus.fr\/wp-content\/uploads\/2023\/09\/Sans-titre-1-1536x771.png 1536w, https:\/\/la-fleur-de-lotus.fr\/wp-content\/uploads\/2023\/09\/Sans-titre-1.png 1600w\" sizes=\"(max-width: 800px) 100vw, 800px\" \/>\t\t\t\t\t\t\t\t\t\t\t\t\t\t\t<\/div>\n\t\t\t\t<\/div>\n\t\t\t\t<\/div>\n\t\t\t\t\t\t\t<\/div>\n\t\t","protected":false},"excerpt":{"rendered":"<p>L&#8217;Art du Massage selon OSHO Le massage, c&#8217;est quelque chose qu&#8217;on commence, Mais qu&#8217;on ne finit jamais, qui continue ind\u00e9finiment, Et qui devient progressivement plus profond et plus \u00e9lev\u00e9. Le massage, c&#8217;est un art subtil. Il ne s&#8217;agit pas seulement d&#8217;adresse, il s&#8217;agit plut\u00f4t d&#8217;amour. D&#8217;abord tu apprends la technique et ensuite tu l&#8217;oublies. Tu [&hellip;]<\/p>\n","protected":false},"author":1,"featured_media":0,"parent":0,"menu_order":0,"comment_status":"closed","ping_status":"open","template":"elementor_header_footer","meta":{"om_disable_all_campaigns":false,"_monsterinsights_skip_tracking":false,"_monsterinsights_sitenote_active":false,"_monsterinsights_sitenote_note":"","_monsterinsights_sitenote_category":0,"footnotes":""},"aioseo_notices":[],"yoast_head":"<!-- This site is optimized with the Yoast SEO plugin v21.2 - https:\/\/yoast.com\/wordpress\/plugins\/seo\/ -->\n<title>Page d\u2019exemple | La Fleur de Lotus<\/title>\n<meta name=\"robots\" content=\"index, follow, max-snippet:-1, max-image-preview:large, max-video-preview:-1\" \/>\n<link rel=\"canonical\" href=\"https:\/\/la-fleur-de-lotus.fr\/?page_id=2\" \/>\n<meta property=\"og:locale\" content=\"en_US\" \/>\n<meta property=\"og:type\" content=\"article\" \/>\n<meta property=\"og:title\" content=\"Page d\u2019exemple | La Fleur de Lotus\" \/>\n<meta property=\"og:description\" content=\"L&#8217;Art du Massage selon OSHO Le massage, c&#8217;est quelque chose qu&#8217;on commence, Mais qu&#8217;on ne finit jamais, qui continue ind\u00e9finiment, Et qui devient progressivement plus profond et plus \u00e9lev\u00e9. Le massage, c&#8217;est un art subtil. Il ne s&#8217;agit pas seulement d&#8217;adresse, il s&#8217;agit plut\u00f4t d&#8217;amour. D&#8217;abord tu apprends la technique et ensuite tu l&#8217;oublies. Tu [&hellip;]\" \/>\n<meta property=\"og:url\" content=\"https:\/\/la-fleur-de-lotus.fr\/?page_id=2\" \/>\n<meta property=\"og:site_name\" content=\"La Fleur de Lotus\" \/>\n<meta property=\"article:publisher\" content=\"https:\/\/www.facebook.com\/lafleurdelotus83\/\" \/>\n<meta property=\"article:modified_time\" content=\"2023-09-16T17:13:28+00:00\" \/>\n<meta property=\"og:image\" content=\"http:\/\/la-fleur-de-lotus.fr\/wp-content\/uploads\/2023\/09\/Sans-titre-1-1024x514.png\" \/>\n<meta name=\"twitter:card\" content=\"summary_large_image\" \/>\n<meta name=\"twitter:label1\" content=\"Est. reading time\" \/>\n\t<meta name=\"twitter:data1\" content=\"2 minutes\" \/>\n<script type=\"application\/ld+json\" class=\"yoast-schema-graph\">{\"@context\":\"https:\/\/schema.org\",\"@graph\":[{\"@type\":\"WebPage\",\"@id\":\"https:\/\/la-fleur-de-lotus.fr\/?page_id=2\",\"url\":\"https:\/\/la-fleur-de-lotus.fr\/?page_id=2\",\"name\":\"Page d\u2019exemple | La Fleur de Lotus\",\"isPartOf\":{\"@id\":\"https:\/\/la-fleur-de-lotus.fr\/#website\"},\"datePublished\":\"2023-07-21T18:34:47+00:00\",\"dateModified\":\"2023-09-16T17:13:28+00:00\",\"breadcrumb\":{\"@id\":\"https:\/\/la-fleur-de-lotus.fr\/?page_id=2#breadcrumb\"},\"inLanguage\":\"en-US\",\"potentialAction\":[{\"@type\":\"ReadAction\",\"target\":[\"https:\/\/la-fleur-de-lotus.fr\/?page_id=2\"]}]},{\"@type\":\"BreadcrumbList\",\"@id\":\"https:\/\/la-fleur-de-lotus.fr\/?page_id=2#breadcrumb\",\"itemListElement\":[{\"@type\":\"ListItem\",\"position\":1,\"name\":\"Accueil\",\"item\":\"https:\/\/la-fleur-de-lotus.fr\/\"},{\"@type\":\"ListItem\",\"position\":2,\"name\":\"Page d\u2019exemple\"}]},{\"@type\":\"WebSite\",\"@id\":\"https:\/\/la-fleur-de-lotus.fr\/#website\",\"url\":\"https:\/\/la-fleur-de-lotus.fr\/\",\"name\":\"La Fleur de Lotus\",\"description\":\"Praticien massage bien-\u00eatre sp\u00e9cialis\u00e9 en shiatsu et m\u00e9thode traditionnelles chinoises\",\"publisher\":{\"@id\":\"https:\/\/la-fleur-de-lotus.fr\/#organization\"},\"alternateName\":\"La Fleur de Lotus\",\"potentialAction\":[{\"@type\":\"SearchAction\",\"target\":{\"@type\":\"EntryPoint\",\"urlTemplate\":\"https:\/\/la-fleur-de-lotus.fr\/?s={search_term_string}\"},\"query-input\":\"required name=search_term_string\"}],\"inLanguage\":\"en-US\"},{\"@type\":\"Organization\",\"@id\":\"https:\/\/la-fleur-de-lotus.fr\/#organization\",\"name\":\"La Fleur de Lotus\",\"url\":\"https:\/\/la-fleur-de-lotus.fr\/\",\"logo\":{\"@type\":\"ImageObject\",\"inLanguage\":\"en-US\",\"@id\":\"https:\/\/la-fleur-de-lotus.fr\/#\/schema\/logo\/image\/\",\"url\":\"https:\/\/la-fleur-de-lotus.fr\/wp-content\/uploads\/2023\/07\/Logo-FleSSur-de-Lotus.png\",\"contentUrl\":\"https:\/\/la-fleur-de-lotus.fr\/wp-content\/uploads\/2023\/07\/Logo-FleSSur-de-Lotus.png\",\"width\":1000,\"height\":1000,\"caption\":\"La Fleur de Lotus\"},\"image\":{\"@id\":\"https:\/\/la-fleur-de-lotus.fr\/#\/schema\/logo\/image\/\"},\"sameAs\":[\"https:\/\/www.facebook.com\/lafleurdelotus83\/\"]}]}<\/script>\n<!-- \/ Yoast SEO plugin. -->","yoast_head_json":{"title":"Page d\u2019exemple | La Fleur de Lotus","robots":{"index":"index","follow":"follow","max-snippet":"max-snippet:-1","max-image-preview":"max-image-preview:large","max-video-preview":"max-video-preview:-1"},"canonical":"https:\/\/la-fleur-de-lotus.fr\/?page_id=2","og_locale":"en_US","og_type":"article","og_title":"Page d\u2019exemple | La Fleur de Lotus","og_description":"L&#8217;Art du Massage selon OSHO Le massage, c&#8217;est quelque chose qu&#8217;on commence, Mais qu&#8217;on ne finit jamais, qui continue ind\u00e9finiment, Et qui devient progressivement plus profond et plus \u00e9lev\u00e9. Le massage, c&#8217;est un art subtil. Il ne s&#8217;agit pas seulement d&#8217;adresse, il s&#8217;agit plut\u00f4t d&#8217;amour. D&#8217;abord tu apprends la technique et ensuite tu l&#8217;oublies. Tu [&hellip;]","og_url":"https:\/\/la-fleur-de-lotus.fr\/?page_id=2","og_site_name":"La Fleur de Lotus","article_publisher":"https:\/\/www.facebook.com\/lafleurdelotus83\/","article_modified_time":"2023-09-16T17:13:28+00:00","og_image":[{"url":"http:\/\/la-fleur-de-lotus.fr\/wp-content\/uploads\/2023\/09\/Sans-titre-1-1024x514.png"}],"twitter_card":"summary_large_image","twitter_misc":{"Est. reading time":"2 minutes"},"schema":{"@context":"https:\/\/schema.org","@graph":[{"@type":"WebPage","@id":"https:\/\/la-fleur-de-lotus.fr\/?page_id=2","url":"https:\/\/la-fleur-de-lotus.fr\/?page_id=2","name":"Page d\u2019exemple | La Fleur de Lotus","isPartOf":{"@id":"https:\/\/la-fleur-de-lotus.fr\/#website"},"datePublished":"2023-07-21T18:34:47+00:00","dateModified":"2023-09-16T17:13:28+00:00","breadcrumb":{"@id":"https:\/\/la-fleur-de-lotus.fr\/?page_id=2#breadcrumb"},"inLanguage":"en-US","potentialAction":[{"@type":"ReadAction","target":["https:\/\/la-fleur-de-lotus.fr\/?page_id=2"]}]},{"@type":"BreadcrumbList","@id":"https:\/\/la-fleur-de-lotus.fr\/?page_id=2#breadcrumb","itemListElement":[{"@type":"ListItem","position":1,"name":"Accueil","item":"https:\/\/la-fleur-de-lotus.fr\/"},{"@type":"ListItem","position":2,"name":"Page d\u2019exemple"}]},{"@type":"WebSite","@id":"https:\/\/la-fleur-de-lotus.fr\/#website","url":"https:\/\/la-fleur-de-lotus.fr\/","name":"La Fleur de Lotus","description":"Praticien massage bien-\u00eatre sp\u00e9cialis\u00e9 en shiatsu et m\u00e9thode traditionnelles chinoises","publisher":{"@id":"https:\/\/la-fleur-de-lotus.fr\/#organization"},"alternateName":"La Fleur de Lotus","potentialAction":[{"@type":"SearchAction","target":{"@type":"EntryPoint","urlTemplate":"https:\/\/la-fleur-de-lotus.fr\/?s={search_term_string}"},"query-input":"required name=search_term_string"}],"inLanguage":"en-US"},{"@type":"Organization","@id":"https:\/\/la-fleur-de-lotus.fr\/#organization","name":"La Fleur de Lotus","url":"https:\/\/la-fleur-de-lotus.fr\/","logo":{"@type":"ImageObject","inLanguage":"en-US","@id":"https:\/\/la-fleur-de-lotus.fr\/#\/schema\/logo\/image\/","url":"https:\/\/la-fleur-de-lotus.fr\/wp-content\/uploads\/2023\/07\/Logo-FleSSur-de-Lotus.png","contentUrl":"https:\/\/la-fleur-de-lotus.fr\/wp-content\/uploads\/2023\/07\/Logo-FleSSur-de-Lotus.png","width":1000,"height":1000,"caption":"La Fleur de Lotus"},"image":{"@id":"https:\/\/la-fleur-de-lotus.fr\/#\/schema\/logo\/image\/"},"sameAs":["https:\/\/www.facebook.com\/lafleurdelotus83\/"]}]}},"_links":{"self":[{"href":"https:\/\/la-fleur-de-lotus.fr\/index.php?rest_route=\/wp\/v2\/pages\/2"}],"collection":[{"href":"https:\/\/la-fleur-de-lotus.fr\/index.php?rest_route=\/wp\/v2\/pages"}],"about":[{"href":"https:\/\/la-fleur-de-lotus.fr\/index.php?rest_route=\/wp\/v2\/types\/page"}],"author":[{"embeddable":true,"href":"https:\/\/la-fleur-de-lotus.fr\/index.php?rest_route=\/wp\/v2\/users\/1"}],"replies":[{"embeddable":true,"href":"https:\/\/la-fleur-de-lotus.fr\/index.php?rest_route=%2Fwp%2Fv2%2Fcomments&post=2"}],"version-history":[{"count":30,"href":"https:\/\/la-fleur-de-lotus.fr\/index.php?rest_route=\/wp\/v2\/pages\/2\/revisions"}],"predecessor-version":[{"id":1571,"href":"https:\/\/la-fleur-de-lotus.fr\/index.php?rest_route=\/wp\/v2\/pages\/2\/revisions\/1571"}],"wp:attachment":[{"href":"https:\/\/la-fleur-de-lotus.fr\/index.php?rest_route=%2Fwp%2Fv2%2Fmedia&parent=2"}],"curies":[{"name":"wp","href":"https:\/\/api.w.org\/{rel}","templated":true}]}}